{"id":9,"date":"2024-03-26T19:53:26","date_gmt":"2024-03-26T19:53:26","guid":{"rendered":"https:\/\/institutodelcorazon.com.pe?page_id=9"},"modified":"2026-02-03T08:19:10","modified_gmt":"2026-02-03T13:19:10","slug":"home","status":"publish","type":"page","link":"https:\/\/institutodelcorazon.com.pe\/","title":{"rendered":"Con\u00f3cenos"},"content":{"rendered":"<p>[et_pb_section fb_built=\u00bb1&#8243; fullwidth=\u00bbon\u00bb admin_label=\u00bbSection\u00bb _builder_version=\u00bb4.24.2&#8243; _module_preset=\u00bbdefault\u00bb da_disable_devices=\u00bboff|off|off\u00bb global_colors_info=\u00bb{}\u00bb da_is_popup=\u00bboff\u00bb da_exit_intent=\u00bboff\u00bb da_has_close=\u00bbon\u00bb da_alt_close=\u00bboff\u00bb da_dark_close=\u00bboff\u00bb da_not_modal=\u00bbon\u00bb da_is_singular=\u00bboff\u00bb da_with_loader=\u00bboff\u00bb da_has_shadow=\u00bbon\u00bb][et_pb_fullwidth_slider use_bg_overlay=\u00bboff\u00bb _builder_version=\u00bb4.27.0&#8243; _module_preset=\u00bbdefault\u00bb background_enable_image=\u00bboff\u00bb width=\u00bb100%\u00bb max_width=\u00bb100%\u00bb module_alignment=\u00bbcenter\u00bb content_width=\u00bb100%\u00bb content_width_tablet=\u00bb100%\u00bb content_width_phone=\u00bb100%\u00bb content_width_last_edited=\u00bbon|desktop\u00bb content_max_width=\u00bb100%\u00bb height_tablet=\u00bb\u00bb height_phone=\u00bb500px\u00bb height_last_edited=\u00bbon|desktop\u00bb auto=\u00bbon\u00bb link_option_url_new_window=\u00bbon\u00bb background_last_edited=\u00bbon|phone\u00bb background_image_phone=\u00bbhttps:\/\/institutodelcorazon.com.pewp-content\/uploads\/2024\/05\/Banner-Buenas-noticias-mobile.png\u00bb background_enable_image_phone=\u00bbon\u00bb global_colors_info=\u00bb{}\u00bb][et_pb_slide heading=\u00bbUCI Cardiolog\u00eda\u00bb _builder_version=\u00bb4.27.0&#8243; _module_preset=\u00bbdefault\u00bb header_text_align=\u00bbright\u00bb header_text_color=\u00bbgcid-primary-color\u00bb body_text_align=\u00bbright\u00bb body_text_color=\u00bbgcid-primary-color\u00bb background_enable_color=\u00bboff\u00bb background_image=\u00bbhttps:\/\/institutodelcorazon.com.pe\/wp-content\/uploads\/2024\/09\/banner_instituto_del_corazon.jpg\u00bb background_enable_image=\u00bbon\u00bb link_option_url_new_window=\u00bbon\u00bb background_last_edited=\u00bbon|phone\u00bb background_enable_color_phone=\u00bboff\u00bb background_image_phone=\u00bbhttps:\/\/institutodelcorazon.com.pe\/wp-content\/uploads\/2024\/09\/banner_instituto_del_corazon_mobile.png\u00bb background_enable_image_phone=\u00bbon\u00bb global_colors_info=\u00bb{%22gcid-primary-color%22:%91%22body_text_color%22,%22header_text_color%22%93}\u00bb sticky_transition=\u00bbon\u00bb]<\/p>\n<p>24 Horas<\/p>\n<p>[\/et_pb_slide][et_pb_slide heading=\u00bbBeneficios\u00bb _builder_version=\u00bb4.27.0&#8243; _module_preset=\u00bbdefault\u00bb header_text_align=\u00bbright\u00bb header_text_color=\u00bbgcid-primary-color\u00bb body_text_align=\u00bbright\u00bb body_text_color=\u00bbgcid-primary-color\u00bb background_enable_color=\u00bboff\u00bb background_image=\u00bbhttps:\/\/institutodelcorazon.com.pe\/wp-content\/uploads\/2024\/09\/banner-beneficios.jpg\u00bb background_enable_image=\u00bbon\u00bb link_option_url_new_window=\u00bbon\u00bb background_last_edited=\u00bbon|phone\u00bb background_enable_color_phone=\u00bboff\u00bb background_image_phone=\u00bbhttps:\/\/institutodelcorazon.com.pe\/wp-content\/uploads\/2024\/09\/banner_beneficio_mobile.png\u00bb background_enable_image_phone=\u00bbon\u00bb global_colors_info=\u00bb{%22gcid-primary-color%22:%91%22header_text_color%22,%22body_text_color%22%93}\u00bb sticky_transition=\u00bbon\u00bb]<\/p>\n<p>Staff M\u00e9dico especializado<\/p>\n<p>Servicio de Hemodin\u00e1mica<\/p>\n<p>Emergencia Cardi\u00f3logica 24 horas<\/p>\n<p>UCI Cardiol\u00f3gica 24 horas<\/p>\n<p>[\/et_pb_slide][\/et_pb_fullwidth_slider][\/et_pb_section][et_pb_section fb_built=\u00bb1&#8243; _builder_version=\u00bb4.27.0&#8243; _module_preset=\u00bbdefault\u00bb custom_padding=\u00bb17px|||||\u00bb da_disable_devices=\u00bboff|off|off\u00bb global_colors_info=\u00bb{}\u00bb da_is_popup=\u00bboff\u00bb da_exit_intent=\u00bboff\u00bb da_has_close=\u00bbon\u00bb da_alt_close=\u00bboff\u00bb da_dark_close=\u00bboff\u00bb da_not_modal=\u00bbon\u00bb da_is_singular=\u00bboff\u00bb da_with_loader=\u00bboff\u00bb da_has_shadow=\u00bbon\u00bb][et_pb_row _builder_version=\u00bb4.27.0&#8243; _module_preset=\u00bbdefault\u00bb width=\u00bb70%\u00bb width_tablet=\u00bb70%\u00bb width_phone=\u00bb90%\u00bb width_last_edited=\u00bbon|phone\u00bb max_width=\u00bb100%\u00bb custom_padding=\u00bb16px||6px|||\u00bb global_colors_info=\u00bb{}\u00bb][et_pb_column type=\u00bb4_4&#8243; _builder_version=\u00bb4.27.0&#8243; _module_preset=\u00bbdefault\u00bb global_colors_info=\u00bb{}\u00bb][et_pb_text _builder_version=\u00bb4.27.0&#8243; _module_preset=\u00bbdefault\u00bb global_colors_info=\u00bb{}\u00bb]<\/p>\n<h2>\ud83d\udc4b Con\u00f3cenos<\/h2>\n<p>[\/et_pb_text][\/et_pb_column][\/et_pb_row][et_pb_row column_structure=\u00bb3_5,2_5&#8243; make_equal=\u00bbon\u00bb _builder_version=\u00bb4.27.0&#8243; _module_preset=\u00bbdefault\u00bb width=\u00bb70%\u00bb width_tablet=\u00bb70%\u00bb width_phone=\u00bb90%\u00bb width_last_edited=\u00bbon|phone\u00bb max_width=\u00bb100%\u00bb custom_padding=\u00bb15px|||||\u00bb custom_css_main_element=\u00bbalign-items:center\u00bb global_colors_info=\u00bb{}\u00bb][et_pb_column type=\u00bb3_5&#8243; _builder_version=\u00bb4.27.0&#8243; _module_preset=\u00bbdefault\u00bb global_colors_info=\u00bb{}\u00bb][et_pb_text _builder_version=\u00bb4.27.0&#8243; _module_preset=\u00bbdefault\u00bb text_line_height=\u00bb24px\u00bb custom_margin=\u00bb||13px|||\u00bb global_colors_info=\u00bb{}\u00bb]<\/p>\n<p><span>Somos el Instituto del Coraz\u00f3n San Pablo que forma parte de la cl\u00ednica San Pablo dirigido por m\u00e9dicos especialistas en enfermedades cardiacas y cirug\u00eda cardiovascular, apoyados de los m\u00e1s importantes adelantos cient\u00edficos en m\u00e9todos de diagn\u00f3stico y opciones de tratamiento.<\/span><\/p>\n<p>[\/et_pb_text][et_pb_text _builder_version=\u00bb4.27.0&#8243; _module_preset=\u00bbdefault\u00bb custom_margin=\u00bb||11px|||\u00bb global_colors_info=\u00bb{}\u00bb]<\/p>\n<p><span>Contamos con un servicio de emergencia cardiol\u00f3gica las 24 horas los 365 d\u00edas del a\u00f1o, una Unidad de Hemodin\u00e1mica y la Unidad de Cuidados Intensivos Cardiovascular para brindarte un diagn\u00f3stico y tratamiento oportuno.<\/span><\/p>\n<p>[\/et_pb_text][et_pb_text _builder_version=\u00bb4.27.4&#8243; _module_preset=\u00bbdefault\u00bb custom_margin=\u00bb||9px|||\u00bb hover_enabled=\u00bb0&#8243; global_colors_info=\u00bb{}\u00bb sticky_enabled=\u00bb0&#8243;]<\/p>\n<p><strong>Prevenimos, diagnosticamos y controlamos:<\/strong><\/p>\n<p>[\/et_pb_text][et_pb_text _builder_version=\u00bb4.27.0&#8243; _module_preset=\u00bbdefault\u00bb global_colors_info=\u00bb{}\u00bb]<\/p>\n<ul>\n<li>Infarto al miocardio<\/li>\n<li>Angina de pecho<\/li>\n<li>Insuficiencia card\u00edaca<\/li>\n<li>Arritmia card\u00edaca<\/li>\n<li>Hipertensi\u00f3n arterial<\/li>\n<li>Enfermedades cardiovasculares del diab\u00e9tico<\/li>\n<li>Enfermedades de la aorta<\/li>\n<li>Colesterol alto<\/li>\n<li>Enfermedades carotideas<\/li>\n<li>Obstrucci\u00f3n de la arteria<\/li>\n<li>Enfermedad venosa (V\u00e1rices)<\/li>\n<li>Evaluaci\u00f3n cardiovascular<\/li>\n<\/ul>\n<p>[\/et_pb_text][\/et_pb_column][et_pb_column type=\u00bb2_5&#8243; _builder_version=\u00bb4.27.0&#8243; _module_preset=\u00bbdefault\u00bb global_colors_info=\u00bb{}\u00bb][et_pb_image src=\u00bbhttps:\/\/institutodelcorazon.com.pe\/wp-content\/uploads\/2024\/09\/home_conocenos_ist_corazon.jpg\u00bb title_text=\u00bbhome_conocenos_ist_corazon\u00bb align=\u00bbcenter\u00bb _builder_version=\u00bb4.27.0&#8243; _module_preset=\u00bbdefault\u00bb border_radii=\u00bbon|24px|24px|24px|24px\u00bb global_colors_info=\u00bb{}\u00bb][\/et_pb_image][\/et_pb_column][\/et_pb_row][\/et_pb_section][et_pb_section fb_built=\u00bb1&#8243; disabled_on=\u00bbon|on|on\u00bb admin_label=\u00bbPopup &#8211; #popPupOne\u00bb module_id=\u00bbpopPupOne\u00bb module_class=\u00bbpopup\u00bb _builder_version=\u00bb4.25.1&#8243; _module_preset=\u00bbdefault\u00bb width=\u00bb50%\u00bb width_tablet=\u00bb80%\u00bb width_phone=\u00bb80%\u00bb width_last_edited=\u00bbon|desktop\u00bb module_alignment=\u00bbcenter\u00bb max_height=\u00bb100vh\u00bb custom_margin=\u00bb0px|0px|0px|0px|true|true\u00bb custom_padding=\u00bb0px|0px|0px|0px|true|true\u00bb da_is_popup=\u00bbon\u00bb da_popup_slug=\u00bbpopPupOne\u00bb da_disable_devices=\u00bboff|off|off\u00bb border_radii=\u00bbon|16px|16px|16px|16px\u00bb disabled=\u00bbon\u00bb global_colors_info=\u00bb{}\u00bb da_exit_intent=\u00bboff\u00bb da_has_close=\u00bbon\u00bb da_alt_close=\u00bboff\u00bb da_dark_close=\u00bboff\u00bb da_not_modal=\u00bbon\u00bb da_is_singular=\u00bboff\u00bb da_with_loader=\u00bboff\u00bb da_has_shadow=\u00bbon\u00bb][et_pb_row _builder_version=\u00bb4.24.2&#8243; _module_preset=\u00bbdefault\u00bb global_colors_info=\u00bb{}\u00bb][et_pb_column type=\u00bb4_4&#8243; _builder_version=\u00bb4.24.2&#8243; _module_preset=\u00bbdefault\u00bb global_colors_info=\u00bb{}\u00bb][et_pb_image src=\u00bbhttps:\/\/institutodelcorazon.com.pewp-content\/uploads\/2024\/06\/PopPupCierraPuertas.webp\u00bb title_text=\u00bbPopPupCierraPuertas\u00bb url=\u00bbhttps:\/\/institutodelcorazon.com.pepromociones\u00bb url_new_window=\u00bbon\u00bb align=\u00bbcenter\u00bb _builder_version=\u00bb4.25.1&#8243; _module_preset=\u00bbdefault\u00bb max_height=\u00bb80vh\u00bb custom_margin=\u00bb0px|0px|0px|0px|true|true\u00bb custom_padding=\u00bb0px|0px|0px|0px|true|true\u00bb animation_style=\u00bbfold\u00bb border_radii=\u00bbon|16px|16px|16px|16px\u00bb global_colors_info=\u00bb{}\u00bb][\/et_pb_image][\/et_pb_column][\/et_pb_row][\/et_pb_section][et_pb_section fb_built=\u00bb1&#8243; disabled_on=\u00bbon|on|on\u00bb admin_label=\u00bbPopup &#8211; #popPupTwo\u00bb module_id=\u00bbpopPupTwo\u00bb module_class=\u00bbpopup\u00bb _builder_version=\u00bb4.25.0&#8243; _module_preset=\u00bbdefault\u00bb width=\u00bb50%\u00bb width_tablet=\u00bb80%\u00bb width_phone=\u00bb80%\u00bb width_last_edited=\u00bbon|desktop\u00bb module_alignment=\u00bbcenter\u00bb max_height=\u00bb100vh\u00bb custom_margin=\u00bb0px|0px|0px|0px|true|true\u00bb custom_padding=\u00bb0px|0px|0px|0px|true|true\u00bb da_is_popup=\u00bbon\u00bb da_popup_slug=\u00bbpopPupTwo\u00bb da_disable_devices=\u00bboff|off|off\u00bb border_radii=\u00bbon|16px|16px|16px|16px\u00bb disabled=\u00bbon\u00bb global_colors_info=\u00bb{}\u00bb da_exit_intent=\u00bboff\u00bb da_has_close=\u00bbon\u00bb da_alt_close=\u00bboff\u00bb da_dark_close=\u00bboff\u00bb da_not_modal=\u00bbon\u00bb da_is_singular=\u00bboff\u00bb da_with_loader=\u00bboff\u00bb da_has_shadow=\u00bbon\u00bb][et_pb_row _builder_version=\u00bb4.25.0&#8243; _module_preset=\u00bbdefault\u00bb global_colors_info=\u00bb{}\u00bb][et_pb_column type=\u00bb4_4&#8243; _builder_version=\u00bb4.24.2&#8243; _module_preset=\u00bbdefault\u00bb global_colors_info=\u00bb{}\u00bb][et_pb_image src=\u00bbhttps:\/\/institutodelcorazon.com.pewp-content\/uploads\/2024\/05\/Pop-Up-MCLO.png\u00bb title_text=\u00bbPop-Up-MCLO\u00bb url=\u00bbhttps:\/\/www.medikcenter.com.pe\/\u00bb url_new_window=\u00bbon\u00bb align=\u00bbcenter\u00bb _builder_version=\u00bb4.25.0&#8243; _module_preset=\u00bbdefault\u00bb max_height=\u00bb80vh\u00bb custom_margin=\u00bb0px|0px|0px|0px|true|true\u00bb custom_padding=\u00bb0px|0px|0px|0px|true|true\u00bb animation_style=\u00bbfold\u00bb border_radii=\u00bbon|16px|16px|16px|16px\u00bb global_colors_info=\u00bb{}\u00bb][\/et_pb_image][\/et_pb_column][\/et_pb_row][\/et_pb_section][et_pb_section fb_built=\u00bb1&#8243; disabled_on=\u00bbon|on|on\u00bb admin_label=\u00bbPopup &#8211; #popPupThree\u00bb module_id=\u00bbpopPupThree\u00bb module_class=\u00bbpopup\u00bb _builder_version=\u00bb4.24.3&#8243; _module_preset=\u00bbdefault\u00bb width=\u00bb50%\u00bb width_tablet=\u00bb80%\u00bb width_phone=\u00bb80%\u00bb width_last_edited=\u00bbon|desktop\u00bb module_alignment=\u00bbcenter\u00bb max_height=\u00bb100vh\u00bb custom_margin=\u00bb0px|0px|0px|0px|true|true\u00bb custom_padding=\u00bb0px|0px|0px|0px|true|true\u00bb da_is_popup=\u00bbon\u00bb da_popup_slug=\u00bbpopPupThree\u00bb da_disable_devices=\u00bboff|off|off\u00bb border_radii=\u00bbon|16px|16px|16px|16px\u00bb disabled=\u00bbon\u00bb global_colors_info=\u00bb{}\u00bb da_exit_intent=\u00bboff\u00bb da_has_close=\u00bbon\u00bb da_alt_close=\u00bboff\u00bb da_dark_close=\u00bboff\u00bb da_not_modal=\u00bbon\u00bb da_is_singular=\u00bboff\u00bb da_with_loader=\u00bboff\u00bb da_has_shadow=\u00bbon\u00bb][et_pb_row _builder_version=\u00bb4.24.2&#8243; _module_preset=\u00bbdefault\u00bb global_colors_info=\u00bb{}\u00bb][et_pb_column type=\u00bb4_4&#8243; _builder_version=\u00bb4.24.2&#8243; _module_preset=\u00bbdefault\u00bb global_colors_info=\u00bb{}\u00bb][et_pb_image src=\u00bbhttps:\/\/institutodelcorazon.com.pewp-content\/uploads\/2024\/04\/PROMOCIONES-MES-SALUD-ABRIL-POPUP.png\u00bb title_text=\u00bbPROMOCIONES-MES-SALUD-ABRIL-POPUP\u00bb url=\u00bbhttps:\/\/institutodelcorazon.com.petu-bienestar-no-puede-esperar\/\u00bb url_new_window=\u00bbon\u00bb align=\u00bbcenter\u00bb _builder_version=\u00bb4.24.3&#8243; _module_preset=\u00bbdefault\u00bb max_height=\u00bb80vh\u00bb custom_margin=\u00bb0px|0px|0px|0px|true|true\u00bb custom_padding=\u00bb0px|0px|0px|0px|true|true\u00bb animation_style=\u00bbfold\u00bb border_radii=\u00bbon|16px|16px|16px|16px\u00bb global_colors_info=\u00bb{}\u00bb][\/et_pb_image][\/et_pb_column][\/et_pb_row][\/et_pb_section][et_pb_section fb_built=\u00bb1&#8243; _builder_version=\u00bb4.25.2&#8243; _module_preset=\u00bbdefault\u00bb da_disable_devices=\u00bboff|off|off\u00bb global_colors_info=\u00bb{}\u00bb da_is_popup=\u00bboff\u00bb da_exit_intent=\u00bboff\u00bb da_has_close=\u00bbon\u00bb da_alt_close=\u00bboff\u00bb da_dark_close=\u00bboff\u00bb da_not_modal=\u00bbon\u00bb da_is_singular=\u00bboff\u00bb da_with_loader=\u00bboff\u00bb da_has_shadow=\u00bbon\u00bb][\/et_pb_section]<\/p>\n","protected":false},"excerpt":{"rendered":"<p>24 HorasStaff M\u00e9dico especializado Servicio de Hemodin\u00e1mica Emergencia Cardi\u00f3logica 24 horas UCI Cardiol\u00f3gica 24 horas\ud83d\udc4b Con\u00f3cenosSomos el Instituto del Coraz\u00f3n San Pablo que forma parte de la cl\u00ednica San Pablo dirigido por m\u00e9dicos especialistas en enfermedades cardiacas y cirug\u00eda cardiovascular, apoyados de los m\u00e1s importantes adelantos cient\u00edficos en m\u00e9todos de diagn\u00f3stico y opciones de tratamiento.Contamos con un servicio de emergencia cardiol\u00f3gica las 24 horas los 365 d\u00edas del a\u00f1o, una Unidad de Hemodin\u00e1mica y la Unidad de Cuidados Intensivos Cardiovascular para brindarte un diagn\u00f3stico y tratamiento oportuno.Prevenimos, diagnosticamos y controlamos: Infarto al miocardio Angina de pecho Insuficiencia card\u00edaca Arritmia card\u00edaca Hipertensi\u00f3n arterial Enfermedades cardiovasculares del diab\u00e9tico Enfermedades de la aorta Colesterol alto Enfermedades carotideas Obstrucci\u00f3n de la arteria Enfermedad venosa (V\u00e1rices) Evaluaci\u00f3n cardiovascular<\/p>\n","protected":false},"author":1,"featured_media":0,"parent":0,"menu_order":0,"comment_status":"closed","ping_status":"closed","template":"","meta":{"_et_pb_use_builder":"on","_et_pb_old_content":"","_et_gb_content_width":"","footnotes":""},"class_list":["post-9","page","type-page","status-publish","hentry"],"yoast_head":"<!-- This site is optimized with the Yoast SEO plugin v26.8 - https:\/\/yoast.com\/product\/yoast-seo-wordpress\/ -->\n<title>Con\u00f3cenos | Instituto del Coraz\u00f3n - San Pablo<\/title>\n<meta name=\"robots\" content=\"index, follow, max-snippet:-1, max-image-preview:large, max-video-preview:-1\" \/>\n<link rel=\"canonical\" href=\"https:\/\/institutodelcorazon.com.pe\/\" \/>\n<meta property=\"og:locale\" content=\"es_ES\" \/>\n<meta property=\"og:type\" content=\"article\" \/>\n<meta property=\"og:title\" content=\"Con\u00f3cenos | Instituto del Coraz\u00f3n - San Pablo\" \/>\n<meta property=\"og:description\" content=\"24 HorasStaff M\u00e9dico especializado Servicio de Hemodin\u00e1mica Emergencia Cardi\u00f3logica 24 horas UCI Cardiol\u00f3gica 24 horas\ud83d\udc4b Con\u00f3cenosSomos el Instituto del Coraz\u00f3n San Pablo que forma parte de la cl\u00ednica San Pablo dirigido por m\u00e9dicos especialistas en enfermedades cardiacas y cirug\u00eda cardiovascular, apoyados de los m\u00e1s importantes adelantos cient\u00edficos en m\u00e9todos de diagn\u00f3stico y opciones de tratamiento.Contamos con un servicio de emergencia cardiol\u00f3gica las 24 horas los 365 d\u00edas del a\u00f1o, una Unidad de Hemodin\u00e1mica y la Unidad de Cuidados Intensivos Cardiovascular para brindarte un diagn\u00f3stico y tratamiento oportuno.Prevenimos, diagnosticamos y controlamos: Infarto al miocardio Angina de pecho Insuficiencia card\u00edaca Arritmia card\u00edaca Hipertensi\u00f3n arterial Enfermedades cardiovasculares del diab\u00e9tico Enfermedades de la aorta Colesterol alto Enfermedades carotideas Obstrucci\u00f3n de la arteria Enfermedad venosa (V\u00e1rices) Evaluaci\u00f3n cardiovascular\" \/>\n<meta property=\"og:url\" content=\"https:\/\/institutodelcorazon.com.pe\/\" \/>\n<meta property=\"og:site_name\" content=\"Instituto del Coraz\u00f3n - San Pablo\" \/>\n<meta property=\"article:publisher\" content=\"https:\/\/www.facebook.com\/clinicasantamarthadelsur\/\" \/>\n<meta property=\"article:modified_time\" content=\"2026-02-03T13:19:10+00:00\" \/>\n<meta name=\"twitter:card\" content=\"summary_large_image\" \/>\n<meta name=\"twitter:label1\" content=\"Tiempo de lectura\" \/>\n\t<meta name=\"twitter:data1\" content=\"7 minutos\" \/>\n<script type=\"application\/ld+json\" class=\"yoast-schema-graph\">{\"@context\":\"https:\/\/schema.org\",\"@graph\":[{\"@type\":\"WebPage\",\"@id\":\"https:\/\/institutodelcorazon.com.pe\/\",\"url\":\"https:\/\/institutodelcorazon.com.pe\/\",\"name\":\"Con\u00f3cenos | Instituto del Coraz\u00f3n - San Pablo\",\"isPartOf\":{\"@id\":\"https:\/\/institutodelcorazon.com.pe\/#website\"},\"datePublished\":\"2024-03-26T19:53:26+00:00\",\"dateModified\":\"2026-02-03T13:19:10+00:00\",\"breadcrumb\":{\"@id\":\"https:\/\/institutodelcorazon.com.pe\/#breadcrumb\"},\"inLanguage\":\"es\",\"potentialAction\":[{\"@type\":\"ReadAction\",\"target\":[\"https:\/\/institutodelcorazon.com.pe\/\"]}]},{\"@type\":\"BreadcrumbList\",\"@id\":\"https:\/\/institutodelcorazon.com.pe\/#breadcrumb\",\"itemListElement\":[{\"@type\":\"ListItem\",\"position\":1,\"name\":\"Portada\",\"item\":\"https:\/\/institutodelcorazon.com.pe\/\"},{\"@type\":\"ListItem\",\"position\":2,\"name\":\"Con\u00f3cenos\"}]},{\"@type\":\"WebSite\",\"@id\":\"https:\/\/institutodelcorazon.com.pe\/#website\",\"url\":\"https:\/\/institutodelcorazon.com.pe\/\",\"name\":\"Instituto del Coraz\u00f3n - San Pablo\",\"description\":\"\",\"publisher\":{\"@id\":\"https:\/\/institutodelcorazon.com.pe\/#organization\"},\"potentialAction\":[{\"@type\":\"SearchAction\",\"target\":{\"@type\":\"EntryPoint\",\"urlTemplate\":\"https:\/\/institutodelcorazon.com.pe\/?s={search_term_string}\"},\"query-input\":{\"@type\":\"PropertyValueSpecification\",\"valueRequired\":true,\"valueName\":\"search_term_string\"}}],\"inLanguage\":\"es\"},{\"@type\":\"Organization\",\"@id\":\"https:\/\/institutodelcorazon.com.pe\/#organization\",\"name\":\"Cl\u00ednica Santa Martha del Sur\",\"url\":\"https:\/\/institutodelcorazon.com.pe\/\",\"logo\":{\"@type\":\"ImageObject\",\"inLanguage\":\"es\",\"@id\":\"https:\/\/institutodelcorazon.com.pe\/#\/schema\/logo\/image\/\",\"url\":\"\",\"contentUrl\":\"\",\"caption\":\"Cl\u00ednica Santa Martha del Sur\"},\"image\":{\"@id\":\"https:\/\/institutodelcorazon.com.pe\/#\/schema\/logo\/image\/\"},\"sameAs\":[\"https:\/\/www.facebook.com\/clinicasantamarthadelsur\/\",\"https:\/\/www.instagram.com\/red_sanpablo\/\",\"https:\/\/www.youtube.com\/@red_sanpablo\",\"https:\/\/www.tiktok.com\/@saludsanpablo\"]}]}<\/script>\n<!-- \/ Yoast SEO plugin. -->","yoast_head_json":{"title":"Con\u00f3cenos | Instituto del Coraz\u00f3n - San Pablo","robots":{"index":"index","follow":"follow","max-snippet":"max-snippet:-1","max-image-preview":"max-image-preview:large","max-video-preview":"max-video-preview:-1"},"canonical":"https:\/\/institutodelcorazon.com.pe\/","og_locale":"es_ES","og_type":"article","og_title":"Con\u00f3cenos | Instituto del Coraz\u00f3n - San Pablo","og_description":"24 HorasStaff M\u00e9dico especializado Servicio de Hemodin\u00e1mica Emergencia Cardi\u00f3logica 24 horas UCI Cardiol\u00f3gica 24 horas\ud83d\udc4b Con\u00f3cenosSomos el Instituto del Coraz\u00f3n San Pablo que forma parte de la cl\u00ednica San Pablo dirigido por m\u00e9dicos especialistas en enfermedades cardiacas y cirug\u00eda cardiovascular, apoyados de los m\u00e1s importantes adelantos cient\u00edficos en m\u00e9todos de diagn\u00f3stico y opciones de tratamiento.Contamos con un servicio de emergencia cardiol\u00f3gica las 24 horas los 365 d\u00edas del a\u00f1o, una Unidad de Hemodin\u00e1mica y la Unidad de Cuidados Intensivos Cardiovascular para brindarte un diagn\u00f3stico y tratamiento oportuno.Prevenimos, diagnosticamos y controlamos: Infarto al miocardio Angina de pecho Insuficiencia card\u00edaca Arritmia card\u00edaca Hipertensi\u00f3n arterial Enfermedades cardiovasculares del diab\u00e9tico Enfermedades de la aorta Colesterol alto Enfermedades carotideas Obstrucci\u00f3n de la arteria Enfermedad venosa (V\u00e1rices) Evaluaci\u00f3n cardiovascular","og_url":"https:\/\/institutodelcorazon.com.pe\/","og_site_name":"Instituto del Coraz\u00f3n - San Pablo","article_publisher":"https:\/\/www.facebook.com\/clinicasantamarthadelsur\/","article_modified_time":"2026-02-03T13:19:10+00:00","twitter_card":"summary_large_image","twitter_misc":{"Tiempo de lectura":"7 minutos"},"schema":{"@context":"https:\/\/schema.org","@graph":[{"@type":"WebPage","@id":"https:\/\/institutodelcorazon.com.pe\/","url":"https:\/\/institutodelcorazon.com.pe\/","name":"Con\u00f3cenos | Instituto del Coraz\u00f3n - San Pablo","isPartOf":{"@id":"https:\/\/institutodelcorazon.com.pe\/#website"},"datePublished":"2024-03-26T19:53:26+00:00","dateModified":"2026-02-03T13:19:10+00:00","breadcrumb":{"@id":"https:\/\/institutodelcorazon.com.pe\/#breadcrumb"},"inLanguage":"es","potentialAction":[{"@type":"ReadAction","target":["https:\/\/institutodelcorazon.com.pe\/"]}]},{"@type":"BreadcrumbList","@id":"https:\/\/institutodelcorazon.com.pe\/#breadcrumb","itemListElement":[{"@type":"ListItem","position":1,"name":"Portada","item":"https:\/\/institutodelcorazon.com.pe\/"},{"@type":"ListItem","position":2,"name":"Con\u00f3cenos"}]},{"@type":"WebSite","@id":"https:\/\/institutodelcorazon.com.pe\/#website","url":"https:\/\/institutodelcorazon.com.pe\/","name":"Instituto del Coraz\u00f3n - San Pablo","description":"","publisher":{"@id":"https:\/\/institutodelcorazon.com.pe\/#organization"},"potentialAction":[{"@type":"SearchAction","target":{"@type":"EntryPoint","urlTemplate":"https:\/\/institutodelcorazon.com.pe\/?s={search_term_string}"},"query-input":{"@type":"PropertyValueSpecification","valueRequired":true,"valueName":"search_term_string"}}],"inLanguage":"es"},{"@type":"Organization","@id":"https:\/\/institutodelcorazon.com.pe\/#organization","name":"Cl\u00ednica Santa Martha del Sur","url":"https:\/\/institutodelcorazon.com.pe\/","logo":{"@type":"ImageObject","inLanguage":"es","@id":"https:\/\/institutodelcorazon.com.pe\/#\/schema\/logo\/image\/","url":"","contentUrl":"","caption":"Cl\u00ednica Santa Martha del Sur"},"image":{"@id":"https:\/\/institutodelcorazon.com.pe\/#\/schema\/logo\/image\/"},"sameAs":["https:\/\/www.facebook.com\/clinicasantamarthadelsur\/","https:\/\/www.instagram.com\/red_sanpablo\/","https:\/\/www.youtube.com\/@red_sanpablo","https:\/\/www.tiktok.com\/@saludsanpablo"]}]}},"_links":{"self":[{"href":"https:\/\/institutodelcorazon.com.pe\/index.php\/wp-json\/wp\/v2\/pages\/9","targetHints":{"allow":["GET"]}}],"collection":[{"href":"https:\/\/institutodelcorazon.com.pe\/index.php\/wp-json\/wp\/v2\/pages"}],"about":[{"href":"https:\/\/institutodelcorazon.com.pe\/index.php\/wp-json\/wp\/v2\/types\/page"}],"author":[{"embeddable":true,"href":"https:\/\/institutodelcorazon.com.pe\/index.php\/wp-json\/wp\/v2\/users\/1"}],"replies":[{"embeddable":true,"href":"https:\/\/institutodelcorazon.com.pe\/index.php\/wp-json\/wp\/v2\/comments?post=9"}],"version-history":[{"count":224,"href":"https:\/\/institutodelcorazon.com.pe\/index.php\/wp-json\/wp\/v2\/pages\/9\/revisions"}],"predecessor-version":[{"id":4039,"href":"https:\/\/institutodelcorazon.com.pe\/index.php\/wp-json\/wp\/v2\/pages\/9\/revisions\/4039"}],"wp:attachment":[{"href":"https:\/\/institutodelcorazon.com.pe\/index.php\/wp-json\/wp\/v2\/media?parent=9"}],"curies":[{"name":"wp","href":"https:\/\/api.w.org\/{rel}","templated":true}]}}