{"id":3514,"date":"2024-08-19T18:25:58","date_gmt":"2024-08-19T23:25:58","guid":{"rendered":"https:\/\/institutodelcorazon.com.pe\/?page_id=3514"},"modified":"2024-09-05T17:49:47","modified_gmt":"2024-09-05T22:49:47","slug":"cirugia-toracica-cardiovascular","status":"publish","type":"page","link":"https:\/\/institutodelcorazon.com.pe\/index.php\/cirugia-toracica-cardiovascular\/","title":{"rendered":"Cirug\u00eda Tor\u00e1cica Cardiovascular"},"content":{"rendered":"<p>[et_pb_section fb_built=\u00bb1&#8243; _builder_version=\u00bb4.24.2&#8243; _module_preset=\u00bbdefault\u00bb custom_padding=\u00bb27px|||||\u00bb da_disable_devices=\u00bboff|off|off\u00bb global_colors_info=\u00bb{}\u00bb da_is_popup=\u00bboff\u00bb da_exit_intent=\u00bboff\u00bb da_has_close=\u00bbon\u00bb da_alt_close=\u00bboff\u00bb da_dark_close=\u00bboff\u00bb da_not_modal=\u00bbon\u00bb da_is_singular=\u00bboff\u00bb da_with_loader=\u00bboff\u00bb da_has_shadow=\u00bbon\u00bb][et_pb_row _builder_version=\u00bb4.27.0&#8243; _module_preset=\u00bbdefault\u00bb width=\u00bb70%\u00bb width_tablet=\u00bb70%\u00bb width_phone=\u00bb90%\u00bb width_last_edited=\u00bbon|phone\u00bb max_width=\u00bb100%\u00bb global_colors_info=\u00bb{}\u00bb][et_pb_column type=\u00bb4_4&#8243; _builder_version=\u00bb4.27.0&#8243; _module_preset=\u00bbdefault\u00bb global_colors_info=\u00bb{}\u00bb][et_pb_text _builder_version=\u00bb4.27.0&#8243; _module_preset=\u00bbdefault\u00bb header_text_color=\u00bbgcid-primary-color\u00bb hover_enabled=\u00bb0&#8243; global_colors_info=\u00bb{%22gcid-primary-color%22:%91%22header_text_color%22%93}\u00bb sticky_enabled=\u00bb0&#8243; custom_margin=\u00bb||16px|||\u00bb]<\/p>\n<h1>Cirug\u00eda Tor\u00e1cica Cardiovascular<\/h1>\n<p>[\/et_pb_text][et_pb_text _builder_version=\u00bb4.27.0&#8243; _module_preset=\u00bbdefault\u00bb global_colors_info=\u00bb{}\u00bb custom_margin=\u00bb||18px|||\u00bb]<\/p>\n<p><span>La cirug\u00eda cardiovascular se encarga del tratamiento quir\u00fargico de enfermedades del coraz\u00f3n, e incluye los grandes vasos, que son la arteria pulmonar, la aorta ascendente y el cayado a\u00f3rtico. Tambi\u00e9n comprende el manejo de las enfermedades vasculares perif\u00e9ricas principalmente ateroscler\u00f3tica y por diabetes. Cl\u00e1sicamente, lo que caracteriza a la cirug\u00eda cardiaca es la utilizaci\u00f3n de la circulaci\u00f3n extracorp\u00f3rea (m\u00e1quina coraz\u00f3n pulm\u00f3n) para poder llevar a cabo la cirug\u00eda con el coraz\u00f3n parado.<\/span><\/p>\n<p>[\/et_pb_text][et_pb_text _builder_version=\u00bb4.27.0&#8243; _module_preset=\u00bbdefault\u00bb hover_enabled=\u00bb0&#8243; global_colors_info=\u00bb{}\u00bb custom_margin=\u00bb||8px|||\u00bb sticky_enabled=\u00bb0&#8243;]<\/p>\n<p><span>Aunque la cirug\u00eda cardiaca es una especialidad joven que ha evolucionado mucho en los \u00faltimos 20 a\u00f1os, aumentando as\u00ed el uso de t\u00e9cnicas m\u00ednimamente invasivas y sin circulaci\u00f3n extracorp\u00f3rea. En la actualidad se hacen procedimientos sin circulaci\u00f3n extracorp\u00f3rea y que incluye el by pass aorta coronaria y la colocaci\u00f3n de v\u00e1lvulas cardiacas transcat\u00e9ter (TAVI). Resumiendo, la cirug\u00eda cardiovascular comprende:<\/span><\/p>\n<ul>\n<li>Cirug\u00eda coronaria (bypass o puentes coronarios).<\/li>\n<li>Cirug\u00eda valvular (sustituci\u00f3n y reparaci\u00f3n valvular).<\/li>\n<li>Cirug\u00eda de los grandes vasos (arterias aorta y pulmonar).<\/li>\n<li>Cirug\u00eda de cardiopat\u00edas cong\u00e9nitas<\/li>\n<li>Cirug\u00eda de las arritmias.<\/li>\n<li>Cirug\u00eda de aorta tor\u00e1cica descendente y abdominal.<\/li>\n<li>Cirug\u00eda de arterias y venas perif\u00e9ricas.<\/li>\n<li>Trasplante cardiaco e implante de asistencias ventriculares.<\/li>\n<\/ul>\n<p>[\/et_pb_text][et_pb_text _builder_version=\u00bb4.27.0&#8243; _module_preset=\u00bbdefault\u00bb global_colors_info=\u00bb{}\u00bb]<\/p>\n<p><span>La cirug\u00eda cardiaca tambi\u00e9n tiene un papel relevante en el tratamiento de la endocarditis infecciosa, una enfermedad que consiste en la infecci\u00f3n de ciertas partes del coraz\u00f3n, especialmente sus v\u00e1lvulas.<\/span><\/p>\n<p>[\/et_pb_text][\/et_pb_column][\/et_pb_row][\/et_pb_section]<\/p>\n","protected":false},"excerpt":{"rendered":"<p>Cirug\u00eda Tor\u00e1cica CardiovascularLa cirug\u00eda cardiovascular se encarga del tratamiento quir\u00fargico de enfermedades del coraz\u00f3n, e incluye los grandes vasos, que son la arteria pulmonar, la aorta ascendente y el cayado a\u00f3rtico. Tambi\u00e9n comprende el manejo de las enfermedades vasculares perif\u00e9ricas principalmente ateroscler\u00f3tica y por diabetes. Cl\u00e1sicamente, lo que caracteriza a la cirug\u00eda cardiaca es la utilizaci\u00f3n de la circulaci\u00f3n extracorp\u00f3rea (m\u00e1quina coraz\u00f3n pulm\u00f3n) para poder llevar a cabo la cirug\u00eda con el coraz\u00f3n parado.Aunque la cirug\u00eda cardiaca es una especialidad joven que ha evolucionado mucho en los \u00faltimos 20 a\u00f1os, aumentando as\u00ed el uso de t\u00e9cnicas m\u00ednimamente invasivas y sin circulaci\u00f3n extracorp\u00f3rea. En la actualidad se hacen procedimientos sin circulaci\u00f3n extracorp\u00f3rea y que incluye el by pass aorta coronaria y la colocaci\u00f3n de v\u00e1lvulas cardiacas transcat\u00e9ter (TAVI). Resumiendo, la cirug\u00eda cardiovascular comprende: Cirug\u00eda coronaria (bypass o puentes coronarios). Cirug\u00eda valvular (sustituci\u00f3n y reparaci\u00f3n valvular). Cirug\u00eda de los grandes vasos (arterias aorta y pulmonar). Cirug\u00eda de cardiopat\u00edas cong\u00e9nitas Cirug\u00eda de las arritmias. Cirug\u00eda de aorta tor\u00e1cica descendente y abdominal. Cirug\u00eda de arterias y venas perif\u00e9ricas. Trasplante cardiaco e implante de asistencias ventriculares. La cirug\u00eda cardiaca tambi\u00e9n tiene un papel relevante en el tratamiento de la endocarditis infecciosa, una enfermedad que consiste [&hellip;]<\/p>\n","protected":false},"author":1,"featured_media":0,"parent":0,"menu_order":0,"comment_status":"closed","ping_status":"closed","template":"","meta":{"_et_pb_use_builder":"on","_et_pb_old_content":"","_et_gb_content_width":"","footnotes":""},"class_list":["post-3514","page","type-page","status-publish","hentry"],"yoast_head":"<!-- This site is optimized with the Yoast SEO plugin v26.8 - https:\/\/yoast.com\/product\/yoast-seo-wordpress\/ -->\n<title>Cirug\u00eda Tor\u00e1cica Cardiovascular | Instituto del Coraz\u00f3n - San Pablo<\/title>\n<meta name=\"robots\" content=\"index, follow, max-snippet:-1, max-image-preview:large, max-video-preview:-1\" \/>\n<link rel=\"canonical\" href=\"https:\/\/institutodelcorazon.com.pe\/index.php\/cirugia-toracica-cardiovascular\/\" \/>\n<meta property=\"og:locale\" content=\"es_ES\" \/>\n<meta property=\"og:type\" content=\"article\" \/>\n<meta property=\"og:title\" content=\"Cirug\u00eda Tor\u00e1cica Cardiovascular | Instituto del Coraz\u00f3n - San Pablo\" \/>\n<meta property=\"og:description\" content=\"Cirug\u00eda Tor\u00e1cica CardiovascularLa cirug\u00eda cardiovascular se encarga del tratamiento quir\u00fargico de enfermedades del coraz\u00f3n, e incluye los grandes vasos, que son la arteria pulmonar, la aorta ascendente y el cayado a\u00f3rtico. Tambi\u00e9n comprende el manejo de las enfermedades vasculares perif\u00e9ricas principalmente ateroscler\u00f3tica y por diabetes. Cl\u00e1sicamente, lo que caracteriza a la cirug\u00eda cardiaca es la utilizaci\u00f3n de la circulaci\u00f3n extracorp\u00f3rea (m\u00e1quina coraz\u00f3n pulm\u00f3n) para poder llevar a cabo la cirug\u00eda con el coraz\u00f3n parado.Aunque la cirug\u00eda cardiaca es una especialidad joven que ha evolucionado mucho en los \u00faltimos 20 a\u00f1os, aumentando as\u00ed el uso de t\u00e9cnicas m\u00ednimamente invasivas y sin circulaci\u00f3n extracorp\u00f3rea. En la actualidad se hacen procedimientos sin circulaci\u00f3n extracorp\u00f3rea y que incluye el by pass aorta coronaria y la colocaci\u00f3n de v\u00e1lvulas cardiacas transcat\u00e9ter (TAVI). Resumiendo, la cirug\u00eda cardiovascular comprende: Cirug\u00eda coronaria (bypass o puentes coronarios). Cirug\u00eda valvular (sustituci\u00f3n y reparaci\u00f3n valvular). Cirug\u00eda de los grandes vasos (arterias aorta y pulmonar). Cirug\u00eda de cardiopat\u00edas cong\u00e9nitas Cirug\u00eda de las arritmias. Cirug\u00eda de aorta tor\u00e1cica descendente y abdominal. Cirug\u00eda de arterias y venas perif\u00e9ricas. Trasplante cardiaco e implante de asistencias ventriculares. La cirug\u00eda cardiaca tambi\u00e9n tiene un papel relevante en el tratamiento de la endocarditis infecciosa, una enfermedad que consiste [&hellip;]\" \/>\n<meta property=\"og:url\" content=\"https:\/\/institutodelcorazon.com.pe\/index.php\/cirugia-toracica-cardiovascular\/\" \/>\n<meta property=\"og:site_name\" content=\"Instituto del Coraz\u00f3n - San Pablo\" \/>\n<meta property=\"article:publisher\" content=\"https:\/\/www.facebook.com\/clinicasantamarthadelsur\/\" \/>\n<meta property=\"article:modified_time\" content=\"2024-09-05T22:49:47+00:00\" \/>\n<meta name=\"twitter:card\" content=\"summary_large_image\" \/>\n<meta name=\"twitter:label1\" content=\"Tiempo de lectura\" \/>\n\t<meta name=\"twitter:data1\" content=\"2 minutos\" \/>\n<script type=\"application\/ld+json\" class=\"yoast-schema-graph\">{\"@context\":\"https:\/\/schema.org\",\"@graph\":[{\"@type\":\"WebPage\",\"@id\":\"https:\/\/institutodelcorazon.com.pe\/index.php\/cirugia-toracica-cardiovascular\/\",\"url\":\"https:\/\/institutodelcorazon.com.pe\/index.php\/cirugia-toracica-cardiovascular\/\",\"name\":\"Cirug\u00eda Tor\u00e1cica Cardiovascular | Instituto del Coraz\u00f3n - San Pablo\",\"isPartOf\":{\"@id\":\"https:\/\/institutodelcorazon.com.pe\/#website\"},\"datePublished\":\"2024-08-19T23:25:58+00:00\",\"dateModified\":\"2024-09-05T22:49:47+00:00\",\"breadcrumb\":{\"@id\":\"https:\/\/institutodelcorazon.com.pe\/index.php\/cirugia-toracica-cardiovascular\/#breadcrumb\"},\"inLanguage\":\"es\",\"potentialAction\":[{\"@type\":\"ReadAction\",\"target\":[\"https:\/\/institutodelcorazon.com.pe\/index.php\/cirugia-toracica-cardiovascular\/\"]}]},{\"@type\":\"BreadcrumbList\",\"@id\":\"https:\/\/institutodelcorazon.com.pe\/index.php\/cirugia-toracica-cardiovascular\/#breadcrumb\",\"itemListElement\":[{\"@type\":\"ListItem\",\"position\":1,\"name\":\"Portada\",\"item\":\"https:\/\/institutodelcorazon.com.pe\/\"},{\"@type\":\"ListItem\",\"position\":2,\"name\":\"Cirug\u00eda Tor\u00e1cica Cardiovascular\"}]},{\"@type\":\"WebSite\",\"@id\":\"https:\/\/institutodelcorazon.com.pe\/#website\",\"url\":\"https:\/\/institutodelcorazon.com.pe\/\",\"name\":\"Instituto del Coraz\u00f3n - San Pablo\",\"description\":\"\",\"publisher\":{\"@id\":\"https:\/\/institutodelcorazon.com.pe\/#organization\"},\"potentialAction\":[{\"@type\":\"SearchAction\",\"target\":{\"@type\":\"EntryPoint\",\"urlTemplate\":\"https:\/\/institutodelcorazon.com.pe\/?s={search_term_string}\"},\"query-input\":{\"@type\":\"PropertyValueSpecification\",\"valueRequired\":true,\"valueName\":\"search_term_string\"}}],\"inLanguage\":\"es\"},{\"@type\":\"Organization\",\"@id\":\"https:\/\/institutodelcorazon.com.pe\/#organization\",\"name\":\"Cl\u00ednica Santa Martha del Sur\",\"url\":\"https:\/\/institutodelcorazon.com.pe\/\",\"logo\":{\"@type\":\"ImageObject\",\"inLanguage\":\"es\",\"@id\":\"https:\/\/institutodelcorazon.com.pe\/#\/schema\/logo\/image\/\",\"url\":\"\",\"contentUrl\":\"\",\"caption\":\"Cl\u00ednica Santa Martha del Sur\"},\"image\":{\"@id\":\"https:\/\/institutodelcorazon.com.pe\/#\/schema\/logo\/image\/\"},\"sameAs\":[\"https:\/\/www.facebook.com\/clinicasantamarthadelsur\/\",\"https:\/\/www.instagram.com\/red_sanpablo\/\",\"https:\/\/www.youtube.com\/@red_sanpablo\",\"https:\/\/www.tiktok.com\/@saludsanpablo\"]}]}<\/script>\n<!-- \/ Yoast SEO plugin. -->","yoast_head_json":{"title":"Cirug\u00eda Tor\u00e1cica Cardiovascular | Instituto del Coraz\u00f3n - San Pablo","robots":{"index":"index","follow":"follow","max-snippet":"max-snippet:-1","max-image-preview":"max-image-preview:large","max-video-preview":"max-video-preview:-1"},"canonical":"https:\/\/institutodelcorazon.com.pe\/index.php\/cirugia-toracica-cardiovascular\/","og_locale":"es_ES","og_type":"article","og_title":"Cirug\u00eda Tor\u00e1cica Cardiovascular | Instituto del Coraz\u00f3n - San Pablo","og_description":"Cirug\u00eda Tor\u00e1cica CardiovascularLa cirug\u00eda cardiovascular se encarga del tratamiento quir\u00fargico de enfermedades del coraz\u00f3n, e incluye los grandes vasos, que son la arteria pulmonar, la aorta ascendente y el cayado a\u00f3rtico. Tambi\u00e9n comprende el manejo de las enfermedades vasculares perif\u00e9ricas principalmente ateroscler\u00f3tica y por diabetes. Cl\u00e1sicamente, lo que caracteriza a la cirug\u00eda cardiaca es la utilizaci\u00f3n de la circulaci\u00f3n extracorp\u00f3rea (m\u00e1quina coraz\u00f3n pulm\u00f3n) para poder llevar a cabo la cirug\u00eda con el coraz\u00f3n parado.Aunque la cirug\u00eda cardiaca es una especialidad joven que ha evolucionado mucho en los \u00faltimos 20 a\u00f1os, aumentando as\u00ed el uso de t\u00e9cnicas m\u00ednimamente invasivas y sin circulaci\u00f3n extracorp\u00f3rea. En la actualidad se hacen procedimientos sin circulaci\u00f3n extracorp\u00f3rea y que incluye el by pass aorta coronaria y la colocaci\u00f3n de v\u00e1lvulas cardiacas transcat\u00e9ter (TAVI). Resumiendo, la cirug\u00eda cardiovascular comprende: Cirug\u00eda coronaria (bypass o puentes coronarios). Cirug\u00eda valvular (sustituci\u00f3n y reparaci\u00f3n valvular). Cirug\u00eda de los grandes vasos (arterias aorta y pulmonar). Cirug\u00eda de cardiopat\u00edas cong\u00e9nitas Cirug\u00eda de las arritmias. Cirug\u00eda de aorta tor\u00e1cica descendente y abdominal. Cirug\u00eda de arterias y venas perif\u00e9ricas. Trasplante cardiaco e implante de asistencias ventriculares. La cirug\u00eda cardiaca tambi\u00e9n tiene un papel relevante en el tratamiento de la endocarditis infecciosa, una enfermedad que consiste [&hellip;]","og_url":"https:\/\/institutodelcorazon.com.pe\/index.php\/cirugia-toracica-cardiovascular\/","og_site_name":"Instituto del Coraz\u00f3n - San Pablo","article_publisher":"https:\/\/www.facebook.com\/clinicasantamarthadelsur\/","article_modified_time":"2024-09-05T22:49:47+00:00","twitter_card":"summary_large_image","twitter_misc":{"Tiempo de lectura":"2 minutos"},"schema":{"@context":"https:\/\/schema.org","@graph":[{"@type":"WebPage","@id":"https:\/\/institutodelcorazon.com.pe\/index.php\/cirugia-toracica-cardiovascular\/","url":"https:\/\/institutodelcorazon.com.pe\/index.php\/cirugia-toracica-cardiovascular\/","name":"Cirug\u00eda Tor\u00e1cica Cardiovascular | Instituto del Coraz\u00f3n - San Pablo","isPartOf":{"@id":"https:\/\/institutodelcorazon.com.pe\/#website"},"datePublished":"2024-08-19T23:25:58+00:00","dateModified":"2024-09-05T22:49:47+00:00","breadcrumb":{"@id":"https:\/\/institutodelcorazon.com.pe\/index.php\/cirugia-toracica-cardiovascular\/#breadcrumb"},"inLanguage":"es","potentialAction":[{"@type":"ReadAction","target":["https:\/\/institutodelcorazon.com.pe\/index.php\/cirugia-toracica-cardiovascular\/"]}]},{"@type":"BreadcrumbList","@id":"https:\/\/institutodelcorazon.com.pe\/index.php\/cirugia-toracica-cardiovascular\/#breadcrumb","itemListElement":[{"@type":"ListItem","position":1,"name":"Portada","item":"https:\/\/institutodelcorazon.com.pe\/"},{"@type":"ListItem","position":2,"name":"Cirug\u00eda Tor\u00e1cica Cardiovascular"}]},{"@type":"WebSite","@id":"https:\/\/institutodelcorazon.com.pe\/#website","url":"https:\/\/institutodelcorazon.com.pe\/","name":"Instituto del Coraz\u00f3n - San Pablo","description":"","publisher":{"@id":"https:\/\/institutodelcorazon.com.pe\/#organization"},"potentialAction":[{"@type":"SearchAction","target":{"@type":"EntryPoint","urlTemplate":"https:\/\/institutodelcorazon.com.pe\/?s={search_term_string}"},"query-input":{"@type":"PropertyValueSpecification","valueRequired":true,"valueName":"search_term_string"}}],"inLanguage":"es"},{"@type":"Organization","@id":"https:\/\/institutodelcorazon.com.pe\/#organization","name":"Cl\u00ednica Santa Martha del Sur","url":"https:\/\/institutodelcorazon.com.pe\/","logo":{"@type":"ImageObject","inLanguage":"es","@id":"https:\/\/institutodelcorazon.com.pe\/#\/schema\/logo\/image\/","url":"","contentUrl":"","caption":"Cl\u00ednica Santa Martha del Sur"},"image":{"@id":"https:\/\/institutodelcorazon.com.pe\/#\/schema\/logo\/image\/"},"sameAs":["https:\/\/www.facebook.com\/clinicasantamarthadelsur\/","https:\/\/www.instagram.com\/red_sanpablo\/","https:\/\/www.youtube.com\/@red_sanpablo","https:\/\/www.tiktok.com\/@saludsanpablo"]}]}},"_links":{"self":[{"href":"https:\/\/institutodelcorazon.com.pe\/index.php\/wp-json\/wp\/v2\/pages\/3514","targetHints":{"allow":["GET"]}}],"collection":[{"href":"https:\/\/institutodelcorazon.com.pe\/index.php\/wp-json\/wp\/v2\/pages"}],"about":[{"href":"https:\/\/institutodelcorazon.com.pe\/index.php\/wp-json\/wp\/v2\/types\/page"}],"author":[{"embeddable":true,"href":"https:\/\/institutodelcorazon.com.pe\/index.php\/wp-json\/wp\/v2\/users\/1"}],"replies":[{"embeddable":true,"href":"https:\/\/institutodelcorazon.com.pe\/index.php\/wp-json\/wp\/v2\/comments?post=3514"}],"version-history":[{"count":6,"href":"https:\/\/institutodelcorazon.com.pe\/index.php\/wp-json\/wp\/v2\/pages\/3514\/revisions"}],"predecessor-version":[{"id":3988,"href":"https:\/\/institutodelcorazon.com.pe\/index.php\/wp-json\/wp\/v2\/pages\/3514\/revisions\/3988"}],"wp:attachment":[{"href":"https:\/\/institutodelcorazon.com.pe\/index.php\/wp-json\/wp\/v2\/media?parent=3514"}],"curies":[{"name":"wp","href":"https:\/\/api.w.org\/{rel}","templated":true}]}}