{"id":2763,"date":"2024-06-11T10:20:51","date_gmt":"2024-06-11T15:20:51","guid":{"rendered":"https:\/\/institutodelcorazon.com.pe?page_id=2763"},"modified":"2024-09-05T17:35:58","modified_gmt":"2024-09-05T22:35:58","slug":"ergometria","status":"publish","type":"page","link":"https:\/\/institutodelcorazon.com.pe\/index.php\/ergometria\/","title":{"rendered":"Ergometr\u00eda"},"content":{"rendered":"<p>[et_pb_section fb_built=\u00bb1&#8243; _builder_version=\u00bb4.27.0&#8243; _module_preset=\u00bbdefault\u00bb da_disable_devices=\u00bboff|off|off\u00bb global_colors_info=\u00bb{}\u00bb custom_padding=\u00bb22px|||||\u00bb da_is_popup=\u00bboff\u00bb da_exit_intent=\u00bboff\u00bb da_has_close=\u00bbon\u00bb da_alt_close=\u00bboff\u00bb da_dark_close=\u00bboff\u00bb da_not_modal=\u00bbon\u00bb da_is_singular=\u00bboff\u00bb da_with_loader=\u00bboff\u00bb da_has_shadow=\u00bbon\u00bb][et_pb_row _builder_version=\u00bb4.27.0&#8243; _module_preset=\u00bbdefault\u00bb width=\u00bb70%\u00bb width_tablet=\u00bb70%\u00bb width_phone=\u00bb90%\u00bb width_last_edited=\u00bbon|phone\u00bb max_width=\u00bb100%\u00bb global_colors_info=\u00bb{}\u00bb][et_pb_column type=\u00bb4_4&#8243; _builder_version=\u00bb4.27.0&#8243; _module_preset=\u00bbdefault\u00bb global_colors_info=\u00bb{}\u00bb][et_pb_text _builder_version=\u00bb4.27.0&#8243; _module_preset=\u00bbdefault\u00bb header_text_color=\u00bbgcid-primary-color\u00bb hover_enabled=\u00bb0&#8243; global_colors_info=\u00bb{%22gcid-primary-color%22:%91%22header_text_color%22%93}\u00bb sticky_enabled=\u00bb0&#8243; custom_margin=\u00bb||13px|||\u00bb]<\/p>\n<h1>Ergometr\u00eda<\/h1>\n<p>[\/et_pb_text][et_pb_text _builder_version=\u00bb4.27.0&#8243; _module_preset=\u00bbdefault\u00bb global_colors_info=\u00bb{}\u00bb custom_margin=\u00bb||18px|||\u00bb]<\/p>\n<p><span>Es un procedimiento de diagn\u00f3stico no invasivo que somete al coraz\u00f3n a un esfuerzo f\u00edsico intenso el cual se realiza en una faja sin fin, con la finalidad de medir diferentes par\u00e1metros vitales como el comportamiento de la presi\u00f3n arterial, frecuencia cardiaca y la monitorizaci\u00f3n electrocardiogr\u00e1fica del coraz\u00f3n durante el tiempo que dura la prueba. La ergometr\u00eda est\u00e1 indicada para el estudio de algunas arritmias, miocardiopat\u00edas y cardiopat\u00edas cong\u00e9nitas; para ver su capacidad funcional y orientar al cardi\u00f3logo Cl\u00ednico y al paciente sobre c\u00f3mo debe realizar la actividad f\u00edsica en su vida cotidiana.<\/span><\/p>\n<p>[\/et_pb_text][et_pb_text _builder_version=\u00bb4.27.0&#8243; _module_preset=\u00bbdefault\u00bb global_colors_info=\u00bb{}\u00bb]<\/p>\n<p><span>Cuando una persona tiene dolor en el pecho (angina de pecho), esta prueba es especialmente importante, pues muchas veces el examen f\u00edsico es normal, el electrocardiograma de reposos es normal\u00a0 y la prueba de esfuerzo es de gran importancia para definir si este dolor viene o del coraz\u00f3n, al hacer ejercicio el m\u00fasculo cardiaco tendr\u00e1 un gasto mayor y si en medio del aparecer el dolor, el\u00a0 m\u00e9dico operador puede valorar si esta molestia va acompa\u00f1ada de cambios en el electrocardiograma y se\u00a0 obtendr\u00e1\u00a0 un diagn\u00f3stico m\u00e1s preciso. La ergometr\u00eda tambi\u00e9n nos sirve para evaluar el estado f\u00edsico de una persona que va iniciar un programa de ejercicio f\u00edsico o para valorar el pron\u00f3stico de pacientes que ya han sufrido previamente un infarto miocardio.<\/span><\/p>\n<p>[\/et_pb_text][\/et_pb_column][\/et_pb_row][\/et_pb_section]<\/p>\n","protected":false},"excerpt":{"rendered":"<p>Ergometr\u00edaEs un procedimiento de diagn\u00f3stico no invasivo que somete al coraz\u00f3n a un esfuerzo f\u00edsico intenso el cual se realiza en una faja sin fin, con la finalidad de medir diferentes par\u00e1metros vitales como el comportamiento de la presi\u00f3n arterial, frecuencia cardiaca y la monitorizaci\u00f3n electrocardiogr\u00e1fica del coraz\u00f3n durante el tiempo que dura la prueba. La ergometr\u00eda est\u00e1 indicada para el estudio de algunas arritmias, miocardiopat\u00edas y cardiopat\u00edas cong\u00e9nitas; para ver su capacidad funcional y orientar al cardi\u00f3logo Cl\u00ednico y al paciente sobre c\u00f3mo debe realizar la actividad f\u00edsica en su vida cotidiana.Cuando una persona tiene dolor en el pecho (angina de pecho), esta prueba es especialmente importante, pues muchas veces el examen f\u00edsico es normal, el electrocardiograma de reposos es normal\u00a0 y la prueba de esfuerzo es de gran importancia para definir si este dolor viene o del coraz\u00f3n, al hacer ejercicio el m\u00fasculo cardiaco tendr\u00e1 un gasto mayor y si en medio del aparecer el dolor, el\u00a0 m\u00e9dico operador puede valorar si esta molestia va acompa\u00f1ada de cambios en el electrocardiograma y se\u00a0 obtendr\u00e1\u00a0 un diagn\u00f3stico m\u00e1s preciso. La ergometr\u00eda tambi\u00e9n nos sirve para evaluar el estado f\u00edsico de una persona que va iniciar un programa de ejercicio [&hellip;]<\/p>\n","protected":false},"author":1,"featured_media":0,"parent":0,"menu_order":0,"comment_status":"closed","ping_status":"closed","template":"","meta":{"_et_pb_use_builder":"on","_et_pb_old_content":"","_et_gb_content_width":"","footnotes":""},"class_list":["post-2763","page","type-page","status-publish","hentry"],"yoast_head":"<!-- This site is optimized with the Yoast SEO plugin v26.8 - https:\/\/yoast.com\/product\/yoast-seo-wordpress\/ -->\n<title>Ergometr\u00eda | Instituto del Coraz\u00f3n - San Pablo<\/title>\n<meta name=\"robots\" content=\"index, follow, max-snippet:-1, max-image-preview:large, max-video-preview:-1\" \/>\n<link rel=\"canonical\" href=\"https:\/\/institutodelcorazon.com.pe\/index.php\/ergometria\/\" \/>\n<meta property=\"og:locale\" content=\"es_ES\" \/>\n<meta property=\"og:type\" content=\"article\" \/>\n<meta property=\"og:title\" content=\"Ergometr\u00eda | Instituto del Coraz\u00f3n - San Pablo\" \/>\n<meta property=\"og:description\" content=\"Ergometr\u00edaEs un procedimiento de diagn\u00f3stico no invasivo que somete al coraz\u00f3n a un esfuerzo f\u00edsico intenso el cual se realiza en una faja sin fin, con la finalidad de medir diferentes par\u00e1metros vitales como el comportamiento de la presi\u00f3n arterial, frecuencia cardiaca y la monitorizaci\u00f3n electrocardiogr\u00e1fica del coraz\u00f3n durante el tiempo que dura la prueba. La ergometr\u00eda est\u00e1 indicada para el estudio de algunas arritmias, miocardiopat\u00edas y cardiopat\u00edas cong\u00e9nitas; para ver su capacidad funcional y orientar al cardi\u00f3logo Cl\u00ednico y al paciente sobre c\u00f3mo debe realizar la actividad f\u00edsica en su vida cotidiana.Cuando una persona tiene dolor en el pecho (angina de pecho), esta prueba es especialmente importante, pues muchas veces el examen f\u00edsico es normal, el electrocardiograma de reposos es normal\u00a0 y la prueba de esfuerzo es de gran importancia para definir si este dolor viene o del coraz\u00f3n, al hacer ejercicio el m\u00fasculo cardiaco tendr\u00e1 un gasto mayor y si en medio del aparecer el dolor, el\u00a0 m\u00e9dico operador puede valorar si esta molestia va acompa\u00f1ada de cambios en el electrocardiograma y se\u00a0 obtendr\u00e1\u00a0 un diagn\u00f3stico m\u00e1s preciso. La ergometr\u00eda tambi\u00e9n nos sirve para evaluar el estado f\u00edsico de una persona que va iniciar un programa de ejercicio [&hellip;]\" \/>\n<meta property=\"og:url\" content=\"https:\/\/institutodelcorazon.com.pe\/index.php\/ergometria\/\" \/>\n<meta property=\"og:site_name\" content=\"Instituto del Coraz\u00f3n - San Pablo\" \/>\n<meta property=\"article:publisher\" content=\"https:\/\/www.facebook.com\/clinicasantamarthadelsur\/\" \/>\n<meta property=\"article:modified_time\" content=\"2024-09-05T22:35:58+00:00\" \/>\n<meta name=\"twitter:card\" content=\"summary_large_image\" \/>\n<meta name=\"twitter:label1\" content=\"Tiempo de lectura\" \/>\n\t<meta name=\"twitter:data1\" content=\"2 minutos\" \/>\n<script type=\"application\/ld+json\" class=\"yoast-schema-graph\">{\"@context\":\"https:\/\/schema.org\",\"@graph\":[{\"@type\":\"WebPage\",\"@id\":\"https:\/\/institutodelcorazon.com.pe\/index.php\/ergometria\/\",\"url\":\"https:\/\/institutodelcorazon.com.pe\/index.php\/ergometria\/\",\"name\":\"Ergometr\u00eda | Instituto del Coraz\u00f3n - San Pablo\",\"isPartOf\":{\"@id\":\"https:\/\/institutodelcorazon.com.pe\/#website\"},\"datePublished\":\"2024-06-11T15:20:51+00:00\",\"dateModified\":\"2024-09-05T22:35:58+00:00\",\"breadcrumb\":{\"@id\":\"https:\/\/institutodelcorazon.com.pe\/index.php\/ergometria\/#breadcrumb\"},\"inLanguage\":\"es\",\"potentialAction\":[{\"@type\":\"ReadAction\",\"target\":[\"https:\/\/institutodelcorazon.com.pe\/index.php\/ergometria\/\"]}]},{\"@type\":\"BreadcrumbList\",\"@id\":\"https:\/\/institutodelcorazon.com.pe\/index.php\/ergometria\/#breadcrumb\",\"itemListElement\":[{\"@type\":\"ListItem\",\"position\":1,\"name\":\"Portada\",\"item\":\"https:\/\/institutodelcorazon.com.pe\/\"},{\"@type\":\"ListItem\",\"position\":2,\"name\":\"Ergometr\u00eda\"}]},{\"@type\":\"WebSite\",\"@id\":\"https:\/\/institutodelcorazon.com.pe\/#website\",\"url\":\"https:\/\/institutodelcorazon.com.pe\/\",\"name\":\"Instituto del Coraz\u00f3n - San Pablo\",\"description\":\"\",\"publisher\":{\"@id\":\"https:\/\/institutodelcorazon.com.pe\/#organization\"},\"potentialAction\":[{\"@type\":\"SearchAction\",\"target\":{\"@type\":\"EntryPoint\",\"urlTemplate\":\"https:\/\/institutodelcorazon.com.pe\/?s={search_term_string}\"},\"query-input\":{\"@type\":\"PropertyValueSpecification\",\"valueRequired\":true,\"valueName\":\"search_term_string\"}}],\"inLanguage\":\"es\"},{\"@type\":\"Organization\",\"@id\":\"https:\/\/institutodelcorazon.com.pe\/#organization\",\"name\":\"Cl\u00ednica Santa Martha del Sur\",\"url\":\"https:\/\/institutodelcorazon.com.pe\/\",\"logo\":{\"@type\":\"ImageObject\",\"inLanguage\":\"es\",\"@id\":\"https:\/\/institutodelcorazon.com.pe\/#\/schema\/logo\/image\/\",\"url\":\"\",\"contentUrl\":\"\",\"caption\":\"Cl\u00ednica Santa Martha del Sur\"},\"image\":{\"@id\":\"https:\/\/institutodelcorazon.com.pe\/#\/schema\/logo\/image\/\"},\"sameAs\":[\"https:\/\/www.facebook.com\/clinicasantamarthadelsur\/\",\"https:\/\/www.instagram.com\/red_sanpablo\/\",\"https:\/\/www.youtube.com\/@red_sanpablo\",\"https:\/\/www.tiktok.com\/@saludsanpablo\"]}]}<\/script>\n<!-- \/ Yoast SEO plugin. -->","yoast_head_json":{"title":"Ergometr\u00eda | Instituto del Coraz\u00f3n - San Pablo","robots":{"index":"index","follow":"follow","max-snippet":"max-snippet:-1","max-image-preview":"max-image-preview:large","max-video-preview":"max-video-preview:-1"},"canonical":"https:\/\/institutodelcorazon.com.pe\/index.php\/ergometria\/","og_locale":"es_ES","og_type":"article","og_title":"Ergometr\u00eda | Instituto del Coraz\u00f3n - San Pablo","og_description":"Ergometr\u00edaEs un procedimiento de diagn\u00f3stico no invasivo que somete al coraz\u00f3n a un esfuerzo f\u00edsico intenso el cual se realiza en una faja sin fin, con la finalidad de medir diferentes par\u00e1metros vitales como el comportamiento de la presi\u00f3n arterial, frecuencia cardiaca y la monitorizaci\u00f3n electrocardiogr\u00e1fica del coraz\u00f3n durante el tiempo que dura la prueba. La ergometr\u00eda est\u00e1 indicada para el estudio de algunas arritmias, miocardiopat\u00edas y cardiopat\u00edas cong\u00e9nitas; para ver su capacidad funcional y orientar al cardi\u00f3logo Cl\u00ednico y al paciente sobre c\u00f3mo debe realizar la actividad f\u00edsica en su vida cotidiana.Cuando una persona tiene dolor en el pecho (angina de pecho), esta prueba es especialmente importante, pues muchas veces el examen f\u00edsico es normal, el electrocardiograma de reposos es normal\u00a0 y la prueba de esfuerzo es de gran importancia para definir si este dolor viene o del coraz\u00f3n, al hacer ejercicio el m\u00fasculo cardiaco tendr\u00e1 un gasto mayor y si en medio del aparecer el dolor, el\u00a0 m\u00e9dico operador puede valorar si esta molestia va acompa\u00f1ada de cambios en el electrocardiograma y se\u00a0 obtendr\u00e1\u00a0 un diagn\u00f3stico m\u00e1s preciso. La ergometr\u00eda tambi\u00e9n nos sirve para evaluar el estado f\u00edsico de una persona que va iniciar un programa de ejercicio [&hellip;]","og_url":"https:\/\/institutodelcorazon.com.pe\/index.php\/ergometria\/","og_site_name":"Instituto del Coraz\u00f3n - San Pablo","article_publisher":"https:\/\/www.facebook.com\/clinicasantamarthadelsur\/","article_modified_time":"2024-09-05T22:35:58+00:00","twitter_card":"summary_large_image","twitter_misc":{"Tiempo de lectura":"2 minutos"},"schema":{"@context":"https:\/\/schema.org","@graph":[{"@type":"WebPage","@id":"https:\/\/institutodelcorazon.com.pe\/index.php\/ergometria\/","url":"https:\/\/institutodelcorazon.com.pe\/index.php\/ergometria\/","name":"Ergometr\u00eda | Instituto del Coraz\u00f3n - San Pablo","isPartOf":{"@id":"https:\/\/institutodelcorazon.com.pe\/#website"},"datePublished":"2024-06-11T15:20:51+00:00","dateModified":"2024-09-05T22:35:58+00:00","breadcrumb":{"@id":"https:\/\/institutodelcorazon.com.pe\/index.php\/ergometria\/#breadcrumb"},"inLanguage":"es","potentialAction":[{"@type":"ReadAction","target":["https:\/\/institutodelcorazon.com.pe\/index.php\/ergometria\/"]}]},{"@type":"BreadcrumbList","@id":"https:\/\/institutodelcorazon.com.pe\/index.php\/ergometria\/#breadcrumb","itemListElement":[{"@type":"ListItem","position":1,"name":"Portada","item":"https:\/\/institutodelcorazon.com.pe\/"},{"@type":"ListItem","position":2,"name":"Ergometr\u00eda"}]},{"@type":"WebSite","@id":"https:\/\/institutodelcorazon.com.pe\/#website","url":"https:\/\/institutodelcorazon.com.pe\/","name":"Instituto del Coraz\u00f3n - San Pablo","description":"","publisher":{"@id":"https:\/\/institutodelcorazon.com.pe\/#organization"},"potentialAction":[{"@type":"SearchAction","target":{"@type":"EntryPoint","urlTemplate":"https:\/\/institutodelcorazon.com.pe\/?s={search_term_string}"},"query-input":{"@type":"PropertyValueSpecification","valueRequired":true,"valueName":"search_term_string"}}],"inLanguage":"es"},{"@type":"Organization","@id":"https:\/\/institutodelcorazon.com.pe\/#organization","name":"Cl\u00ednica Santa Martha del Sur","url":"https:\/\/institutodelcorazon.com.pe\/","logo":{"@type":"ImageObject","inLanguage":"es","@id":"https:\/\/institutodelcorazon.com.pe\/#\/schema\/logo\/image\/","url":"","contentUrl":"","caption":"Cl\u00ednica Santa Martha del Sur"},"image":{"@id":"https:\/\/institutodelcorazon.com.pe\/#\/schema\/logo\/image\/"},"sameAs":["https:\/\/www.facebook.com\/clinicasantamarthadelsur\/","https:\/\/www.instagram.com\/red_sanpablo\/","https:\/\/www.youtube.com\/@red_sanpablo","https:\/\/www.tiktok.com\/@saludsanpablo"]}]}},"_links":{"self":[{"href":"https:\/\/institutodelcorazon.com.pe\/index.php\/wp-json\/wp\/v2\/pages\/2763","targetHints":{"allow":["GET"]}}],"collection":[{"href":"https:\/\/institutodelcorazon.com.pe\/index.php\/wp-json\/wp\/v2\/pages"}],"about":[{"href":"https:\/\/institutodelcorazon.com.pe\/index.php\/wp-json\/wp\/v2\/types\/page"}],"author":[{"embeddable":true,"href":"https:\/\/institutodelcorazon.com.pe\/index.php\/wp-json\/wp\/v2\/users\/1"}],"replies":[{"embeddable":true,"href":"https:\/\/institutodelcorazon.com.pe\/index.php\/wp-json\/wp\/v2\/comments?post=2763"}],"version-history":[{"count":9,"href":"https:\/\/institutodelcorazon.com.pe\/index.php\/wp-json\/wp\/v2\/pages\/2763\/revisions"}],"predecessor-version":[{"id":3982,"href":"https:\/\/institutodelcorazon.com.pe\/index.php\/wp-json\/wp\/v2\/pages\/2763\/revisions\/3982"}],"wp:attachment":[{"href":"https:\/\/institutodelcorazon.com.pe\/index.php\/wp-json\/wp\/v2\/media?parent=2763"}],"curies":[{"name":"wp","href":"https:\/\/api.w.org\/{rel}","templated":true}]}}