{"id":2133,"date":"2024-05-29T09:05:37","date_gmt":"2024-05-29T14:05:37","guid":{"rendered":"https:\/\/institutodelcorazon.com.pe?page_id=2133"},"modified":"2024-09-05T17:40:38","modified_gmt":"2024-09-05T22:40:38","slug":"cardiologia-pediatrica","status":"publish","type":"page","link":"https:\/\/institutodelcorazon.com.pe\/index.php\/cardiologia-pediatrica\/","title":{"rendered":"Cardiolog\u00eda Pedi\u00e1trica"},"content":{"rendered":"<p>[et_pb_section fb_built=\u00bb1&#8243; _builder_version=\u00bb4.27.0&#8243; _module_preset=\u00bbdefault\u00bb custom_padding=\u00bb16px|||||\u00bb da_disable_devices=\u00bboff|off|off\u00bb global_colors_info=\u00bb{}\u00bb da_is_popup=\u00bboff\u00bb da_exit_intent=\u00bboff\u00bb da_has_close=\u00bbon\u00bb da_alt_close=\u00bboff\u00bb da_dark_close=\u00bboff\u00bb da_not_modal=\u00bbon\u00bb da_is_singular=\u00bboff\u00bb da_with_loader=\u00bboff\u00bb da_has_shadow=\u00bbon\u00bb][et_pb_row _builder_version=\u00bb4.27.0&#8243; _module_preset=\u00bbdefault\u00bb width=\u00bb70%\u00bb width_tablet=\u00bb70%\u00bb width_phone=\u00bb90%\u00bb width_last_edited=\u00bbon|phone\u00bb max_width=\u00bb100%\u00bb global_colors_info=\u00bb{}\u00bb][et_pb_column type=\u00bb4_4&#8243; _builder_version=\u00bb4.27.0&#8243; _module_preset=\u00bbdefault\u00bb global_colors_info=\u00bb{}\u00bb][et_pb_text _builder_version=\u00bb4.27.0&#8243; _module_preset=\u00bbdefault\u00bb header_text_color=\u00bbgcid-primary-color\u00bb hover_enabled=\u00bb0&#8243; global_colors_info=\u00bb{%22gcid-primary-color%22:%91%22header_text_color%22%93}\u00bb sticky_enabled=\u00bb0&#8243; custom_margin=\u00bb||19px|||\u00bb]<\/p>\n<h1>Cardiolog\u00eda Pedi\u00e1trica<\/h1>\n<p>[\/et_pb_text][et_pb_text _builder_version=\u00bb4.27.0&#8243; _module_preset=\u00bbdefault\u00bb global_colors_info=\u00bb{}\u00bb custom_margin=\u00bb||17px|||\u00bb]<\/p>\n<p><span>Especialidad de la Cardiolog\u00eda\u00a0 dedicada al\u00a0 diagn\u00f3stico y tratamiento de los problemas del coraz\u00f3n en los ni\u00f1os. El cardi\u00f3logo eval\u00faa los s\u00edntomas y los antecedentes m\u00e9dicos y en base a ello puede recomendar los estudios necesarios que permitan realizar un diagn\u00f3stico m\u00e1s preciso as\u00ed como, el tratamiento necesario.<\/span><\/p>\n<p>[\/et_pb_text][et_pb_text _builder_version=\u00bb4.27.0&#8243; _module_preset=\u00bbdefault\u00bb global_colors_info=\u00bb{}\u00bb]<\/p>\n<p><span>En esta especialidad se tratan problemas cardiol\u00f3gicos como arritmias en los ni\u00f1os, Cardiopat\u00edas cong\u00e9nitas Cian\u00f3ticas y no cian\u00f3ticas, pericarditis que se asocian\u00a0 a diversas enfermedades virales o bacterianas, endocarditis, Fiebre reum\u00e1tica aguda y cr\u00f3nica, problemas de enfermedades valvulares, miocardiopat\u00edas etc.<\/span><\/p>\n<p>[\/et_pb_text][\/et_pb_column][\/et_pb_row][\/et_pb_section]<\/p>\n","protected":false},"excerpt":{"rendered":"<p>Cardiolog\u00eda Pedi\u00e1tricaEspecialidad de la Cardiolog\u00eda\u00a0 dedicada al\u00a0 diagn\u00f3stico y tratamiento de los problemas del coraz\u00f3n en los ni\u00f1os. El cardi\u00f3logo eval\u00faa los s\u00edntomas y los antecedentes m\u00e9dicos y en base a ello puede recomendar los estudios necesarios que permitan realizar un diagn\u00f3stico m\u00e1s preciso as\u00ed como, el tratamiento necesario.En esta especialidad se tratan problemas cardiol\u00f3gicos como arritmias en los ni\u00f1os, Cardiopat\u00edas cong\u00e9nitas Cian\u00f3ticas y no cian\u00f3ticas, pericarditis que se asocian\u00a0 a diversas enfermedades virales o bacterianas, endocarditis, Fiebre reum\u00e1tica aguda y cr\u00f3nica, problemas de enfermedades valvulares, miocardiopat\u00edas etc.<\/p>\n","protected":false},"author":1,"featured_media":0,"parent":0,"menu_order":0,"comment_status":"closed","ping_status":"closed","template":"","meta":{"_et_pb_use_builder":"on","_et_pb_old_content":"","_et_gb_content_width":"","footnotes":""},"class_list":["post-2133","page","type-page","status-publish","hentry"],"yoast_head":"<!-- This site is optimized with the Yoast SEO plugin v26.8 - https:\/\/yoast.com\/product\/yoast-seo-wordpress\/ -->\n<title>Cardiolog\u00eda Pedi\u00e1trica | Instituto del Coraz\u00f3n - San Pablo<\/title>\n<meta name=\"robots\" content=\"index, follow, max-snippet:-1, max-image-preview:large, max-video-preview:-1\" \/>\n<link rel=\"canonical\" href=\"https:\/\/institutodelcorazon.com.pe\/index.php\/cardiologia-pediatrica\/\" \/>\n<meta property=\"og:locale\" content=\"es_ES\" \/>\n<meta property=\"og:type\" content=\"article\" \/>\n<meta property=\"og:title\" content=\"Cardiolog\u00eda Pedi\u00e1trica | Instituto del Coraz\u00f3n - San Pablo\" \/>\n<meta property=\"og:description\" content=\"Cardiolog\u00eda Pedi\u00e1tricaEspecialidad de la Cardiolog\u00eda\u00a0 dedicada al\u00a0 diagn\u00f3stico y tratamiento de los problemas del coraz\u00f3n en los ni\u00f1os. El cardi\u00f3logo eval\u00faa los s\u00edntomas y los antecedentes m\u00e9dicos y en base a ello puede recomendar los estudios necesarios que permitan realizar un diagn\u00f3stico m\u00e1s preciso as\u00ed como, el tratamiento necesario.En esta especialidad se tratan problemas cardiol\u00f3gicos como arritmias en los ni\u00f1os, Cardiopat\u00edas cong\u00e9nitas Cian\u00f3ticas y no cian\u00f3ticas, pericarditis que se asocian\u00a0 a diversas enfermedades virales o bacterianas, endocarditis, Fiebre reum\u00e1tica aguda y cr\u00f3nica, problemas de enfermedades valvulares, miocardiopat\u00edas etc.\" \/>\n<meta property=\"og:url\" content=\"https:\/\/institutodelcorazon.com.pe\/index.php\/cardiologia-pediatrica\/\" \/>\n<meta property=\"og:site_name\" content=\"Instituto del Coraz\u00f3n - San Pablo\" \/>\n<meta property=\"article:publisher\" content=\"https:\/\/www.facebook.com\/clinicasantamarthadelsur\/\" \/>\n<meta property=\"article:modified_time\" content=\"2024-09-05T22:40:38+00:00\" \/>\n<meta name=\"twitter:card\" content=\"summary_large_image\" \/>\n<meta name=\"twitter:label1\" content=\"Tiempo de lectura\" \/>\n\t<meta name=\"twitter:data1\" content=\"1 minuto\" \/>\n<script type=\"application\/ld+json\" class=\"yoast-schema-graph\">{\"@context\":\"https:\/\/schema.org\",\"@graph\":[{\"@type\":\"WebPage\",\"@id\":\"https:\/\/institutodelcorazon.com.pe\/index.php\/cardiologia-pediatrica\/\",\"url\":\"https:\/\/institutodelcorazon.com.pe\/index.php\/cardiologia-pediatrica\/\",\"name\":\"Cardiolog\u00eda Pedi\u00e1trica | Instituto del Coraz\u00f3n - San Pablo\",\"isPartOf\":{\"@id\":\"https:\/\/institutodelcorazon.com.pe\/#website\"},\"datePublished\":\"2024-05-29T14:05:37+00:00\",\"dateModified\":\"2024-09-05T22:40:38+00:00\",\"breadcrumb\":{\"@id\":\"https:\/\/institutodelcorazon.com.pe\/index.php\/cardiologia-pediatrica\/#breadcrumb\"},\"inLanguage\":\"es\",\"potentialAction\":[{\"@type\":\"ReadAction\",\"target\":[\"https:\/\/institutodelcorazon.com.pe\/index.php\/cardiologia-pediatrica\/\"]}]},{\"@type\":\"BreadcrumbList\",\"@id\":\"https:\/\/institutodelcorazon.com.pe\/index.php\/cardiologia-pediatrica\/#breadcrumb\",\"itemListElement\":[{\"@type\":\"ListItem\",\"position\":1,\"name\":\"Portada\",\"item\":\"https:\/\/institutodelcorazon.com.pe\/\"},{\"@type\":\"ListItem\",\"position\":2,\"name\":\"Cardiolog\u00eda Pedi\u00e1trica\"}]},{\"@type\":\"WebSite\",\"@id\":\"https:\/\/institutodelcorazon.com.pe\/#website\",\"url\":\"https:\/\/institutodelcorazon.com.pe\/\",\"name\":\"Instituto del Coraz\u00f3n - San Pablo\",\"description\":\"\",\"publisher\":{\"@id\":\"https:\/\/institutodelcorazon.com.pe\/#organization\"},\"potentialAction\":[{\"@type\":\"SearchAction\",\"target\":{\"@type\":\"EntryPoint\",\"urlTemplate\":\"https:\/\/institutodelcorazon.com.pe\/?s={search_term_string}\"},\"query-input\":{\"@type\":\"PropertyValueSpecification\",\"valueRequired\":true,\"valueName\":\"search_term_string\"}}],\"inLanguage\":\"es\"},{\"@type\":\"Organization\",\"@id\":\"https:\/\/institutodelcorazon.com.pe\/#organization\",\"name\":\"Cl\u00ednica Santa Martha del Sur\",\"url\":\"https:\/\/institutodelcorazon.com.pe\/\",\"logo\":{\"@type\":\"ImageObject\",\"inLanguage\":\"es\",\"@id\":\"https:\/\/institutodelcorazon.com.pe\/#\/schema\/logo\/image\/\",\"url\":\"\",\"contentUrl\":\"\",\"caption\":\"Cl\u00ednica Santa Martha del Sur\"},\"image\":{\"@id\":\"https:\/\/institutodelcorazon.com.pe\/#\/schema\/logo\/image\/\"},\"sameAs\":[\"https:\/\/www.facebook.com\/clinicasantamarthadelsur\/\",\"https:\/\/www.instagram.com\/red_sanpablo\/\",\"https:\/\/www.youtube.com\/@red_sanpablo\",\"https:\/\/www.tiktok.com\/@saludsanpablo\"]}]}<\/script>\n<!-- \/ Yoast SEO plugin. -->","yoast_head_json":{"title":"Cardiolog\u00eda Pedi\u00e1trica | Instituto del Coraz\u00f3n - San Pablo","robots":{"index":"index","follow":"follow","max-snippet":"max-snippet:-1","max-image-preview":"max-image-preview:large","max-video-preview":"max-video-preview:-1"},"canonical":"https:\/\/institutodelcorazon.com.pe\/index.php\/cardiologia-pediatrica\/","og_locale":"es_ES","og_type":"article","og_title":"Cardiolog\u00eda Pedi\u00e1trica | Instituto del Coraz\u00f3n - San Pablo","og_description":"Cardiolog\u00eda Pedi\u00e1tricaEspecialidad de la Cardiolog\u00eda\u00a0 dedicada al\u00a0 diagn\u00f3stico y tratamiento de los problemas del coraz\u00f3n en los ni\u00f1os. El cardi\u00f3logo eval\u00faa los s\u00edntomas y los antecedentes m\u00e9dicos y en base a ello puede recomendar los estudios necesarios que permitan realizar un diagn\u00f3stico m\u00e1s preciso as\u00ed como, el tratamiento necesario.En esta especialidad se tratan problemas cardiol\u00f3gicos como arritmias en los ni\u00f1os, Cardiopat\u00edas cong\u00e9nitas Cian\u00f3ticas y no cian\u00f3ticas, pericarditis que se asocian\u00a0 a diversas enfermedades virales o bacterianas, endocarditis, Fiebre reum\u00e1tica aguda y cr\u00f3nica, problemas de enfermedades valvulares, miocardiopat\u00edas etc.","og_url":"https:\/\/institutodelcorazon.com.pe\/index.php\/cardiologia-pediatrica\/","og_site_name":"Instituto del Coraz\u00f3n - San Pablo","article_publisher":"https:\/\/www.facebook.com\/clinicasantamarthadelsur\/","article_modified_time":"2024-09-05T22:40:38+00:00","twitter_card":"summary_large_image","twitter_misc":{"Tiempo de lectura":"1 minuto"},"schema":{"@context":"https:\/\/schema.org","@graph":[{"@type":"WebPage","@id":"https:\/\/institutodelcorazon.com.pe\/index.php\/cardiologia-pediatrica\/","url":"https:\/\/institutodelcorazon.com.pe\/index.php\/cardiologia-pediatrica\/","name":"Cardiolog\u00eda Pedi\u00e1trica | Instituto del Coraz\u00f3n - San Pablo","isPartOf":{"@id":"https:\/\/institutodelcorazon.com.pe\/#website"},"datePublished":"2024-05-29T14:05:37+00:00","dateModified":"2024-09-05T22:40:38+00:00","breadcrumb":{"@id":"https:\/\/institutodelcorazon.com.pe\/index.php\/cardiologia-pediatrica\/#breadcrumb"},"inLanguage":"es","potentialAction":[{"@type":"ReadAction","target":["https:\/\/institutodelcorazon.com.pe\/index.php\/cardiologia-pediatrica\/"]}]},{"@type":"BreadcrumbList","@id":"https:\/\/institutodelcorazon.com.pe\/index.php\/cardiologia-pediatrica\/#breadcrumb","itemListElement":[{"@type":"ListItem","position":1,"name":"Portada","item":"https:\/\/institutodelcorazon.com.pe\/"},{"@type":"ListItem","position":2,"name":"Cardiolog\u00eda Pedi\u00e1trica"}]},{"@type":"WebSite","@id":"https:\/\/institutodelcorazon.com.pe\/#website","url":"https:\/\/institutodelcorazon.com.pe\/","name":"Instituto del Coraz\u00f3n - San Pablo","description":"","publisher":{"@id":"https:\/\/institutodelcorazon.com.pe\/#organization"},"potentialAction":[{"@type":"SearchAction","target":{"@type":"EntryPoint","urlTemplate":"https:\/\/institutodelcorazon.com.pe\/?s={search_term_string}"},"query-input":{"@type":"PropertyValueSpecification","valueRequired":true,"valueName":"search_term_string"}}],"inLanguage":"es"},{"@type":"Organization","@id":"https:\/\/institutodelcorazon.com.pe\/#organization","name":"Cl\u00ednica Santa Martha del Sur","url":"https:\/\/institutodelcorazon.com.pe\/","logo":{"@type":"ImageObject","inLanguage":"es","@id":"https:\/\/institutodelcorazon.com.pe\/#\/schema\/logo\/image\/","url":"","contentUrl":"","caption":"Cl\u00ednica Santa Martha del Sur"},"image":{"@id":"https:\/\/institutodelcorazon.com.pe\/#\/schema\/logo\/image\/"},"sameAs":["https:\/\/www.facebook.com\/clinicasantamarthadelsur\/","https:\/\/www.instagram.com\/red_sanpablo\/","https:\/\/www.youtube.com\/@red_sanpablo","https:\/\/www.tiktok.com\/@saludsanpablo"]}]}},"_links":{"self":[{"href":"https:\/\/institutodelcorazon.com.pe\/index.php\/wp-json\/wp\/v2\/pages\/2133","targetHints":{"allow":["GET"]}}],"collection":[{"href":"https:\/\/institutodelcorazon.com.pe\/index.php\/wp-json\/wp\/v2\/pages"}],"about":[{"href":"https:\/\/institutodelcorazon.com.pe\/index.php\/wp-json\/wp\/v2\/types\/page"}],"author":[{"embeddable":true,"href":"https:\/\/institutodelcorazon.com.pe\/index.php\/wp-json\/wp\/v2\/users\/1"}],"replies":[{"embeddable":true,"href":"https:\/\/institutodelcorazon.com.pe\/index.php\/wp-json\/wp\/v2\/comments?post=2133"}],"version-history":[{"count":21,"href":"https:\/\/institutodelcorazon.com.pe\/index.php\/wp-json\/wp\/v2\/pages\/2133\/revisions"}],"predecessor-version":[{"id":3986,"href":"https:\/\/institutodelcorazon.com.pe\/index.php\/wp-json\/wp\/v2\/pages\/2133\/revisions\/3986"}],"wp:attachment":[{"href":"https:\/\/institutodelcorazon.com.pe\/index.php\/wp-json\/wp\/v2\/media?parent=2133"}],"curies":[{"name":"wp","href":"https:\/\/api.w.org\/{rel}","templated":true}]}}