{"id":1998,"date":"2024-05-09T15:01:51","date_gmt":"2024-05-09T14:01:51","guid":{"rendered":"https:\/\/institutodelcorazon.com.pe?page_id=1998"},"modified":"2024-09-05T17:39:14","modified_gmt":"2024-09-05T22:39:14","slug":"ecocardiografia","status":"publish","type":"page","link":"https:\/\/institutodelcorazon.com.pe\/index.php\/ecocardiografia\/","title":{"rendered":"Ecocardiograf\u00eda"},"content":{"rendered":"<p>[et_pb_section fb_built=\u00bb1&#8243; _builder_version=\u00bb4.27.0&#8243; _module_preset=\u00bbdefault\u00bb custom_padding=\u00bb16px|||||\u00bb da_disable_devices=\u00bboff|off|off\u00bb global_colors_info=\u00bb{}\u00bb da_is_popup=\u00bboff\u00bb da_exit_intent=\u00bboff\u00bb da_has_close=\u00bbon\u00bb da_alt_close=\u00bboff\u00bb da_dark_close=\u00bboff\u00bb da_not_modal=\u00bbon\u00bb da_is_singular=\u00bboff\u00bb da_with_loader=\u00bboff\u00bb da_has_shadow=\u00bbon\u00bb][et_pb_row _builder_version=\u00bb4.27.0&#8243; _module_preset=\u00bbdefault\u00bb width=\u00bb70%\u00bb width_tablet=\u00bb70%\u00bb width_phone=\u00bb90%\u00bb width_last_edited=\u00bbon|phone\u00bb max_width=\u00bb100%\u00bb global_colors_info=\u00bb{}\u00bb][et_pb_column type=\u00bb4_4&#8243; _builder_version=\u00bb4.27.0&#8243; _module_preset=\u00bbdefault\u00bb global_colors_info=\u00bb{}\u00bb][et_pb_text _builder_version=\u00bb4.27.0&#8243; _module_preset=\u00bbdefault\u00bb header_text_color=\u00bbgcid-primary-color\u00bb hover_enabled=\u00bb0&#8243; global_colors_info=\u00bb{%22gcid-primary-color%22:%91%22header_text_color%22%93}\u00bb sticky_enabled=\u00bb0&#8243; custom_margin=\u00bb||18px|||\u00bb]<\/p>\n<h1>Ecocardiograf\u00eda<\/h1>\n<p>[\/et_pb_text][et_pb_text _builder_version=\u00bb4.27.0&#8243; _module_preset=\u00bbdefault\u00bb global_colors_info=\u00bb{}\u00bb]<\/p>\n<p><span>En tiempo real vemos lo que est\u00e1 sucediendo. Se realiza estudio morfol\u00f3gico\u00a0 y funcional del coraz\u00f3n,\u00a0 estableci\u00e9ndose r\u00e1pidamente el tama\u00f1o del mismo. Las dimensiones de sus cavidades internas as\u00ed como el funcionamiento de sus v\u00e1lvulas, no solo en t\u00e9rminos de medici\u00f3n, forma\u00a0 y funci\u00f3n sino tambi\u00e9n en cuanto a la cuantificaci\u00f3n del flujo, lo que es realmente muy importante\u00a0 en cardiolog\u00eda con el fin de diagnosticar cualquier enfermedad o anomal\u00eda del \u00f3rgano del coraz\u00f3n.El ecocardiograma consiste en la realizaci\u00f3n de ecograf\u00eda cardiovascular, la cual aporta una gran cantidad de datos desde los m\u00e1s simples hasta los de gran complejidad, el uso de eco-cardi\u00f3grafos de alta resoluci\u00f3n, permiten observar el coraz\u00f3n\u00a0\u00a0 arterias y venas, sin uso de radiaci\u00f3n. Al lado del paciente.<\/span><\/p>\n<p>[\/et_pb_text][et_pb_text _builder_version=\u00bb4.27.0&#8243; _module_preset=\u00bbdefault\u00bb global_colors_info=\u00bb{}\u00bb]<\/p>\n<p><span>La Asociaci\u00f3n Instituto del Coraz\u00f3n San Pablo\u00a0 cuenta con equipos sofisticados y profesionales altamente calificados para llevar a cabo los ex\u00e1menes y as\u00ed llevar consuelo y calidad de vida de sus pacientes.<\/span><\/p>\n<p>[\/et_pb_text][\/et_pb_column][\/et_pb_row][\/et_pb_section]<\/p>\n","protected":false},"excerpt":{"rendered":"<p>Ecocardiograf\u00edaEn tiempo real vemos lo que est\u00e1 sucediendo. Se realiza estudio morfol\u00f3gico\u00a0 y funcional del coraz\u00f3n,\u00a0 estableci\u00e9ndose r\u00e1pidamente el tama\u00f1o del mismo. Las dimensiones de sus cavidades internas as\u00ed como el funcionamiento de sus v\u00e1lvulas, no solo en t\u00e9rminos de medici\u00f3n, forma\u00a0 y funci\u00f3n sino tambi\u00e9n en cuanto a la cuantificaci\u00f3n del flujo, lo que es realmente muy importante\u00a0 en cardiolog\u00eda con el fin de diagnosticar cualquier enfermedad o anomal\u00eda del \u00f3rgano del coraz\u00f3n.El ecocardiograma consiste en la realizaci\u00f3n de ecograf\u00eda cardiovascular, la cual aporta una gran cantidad de datos desde los m\u00e1s simples hasta los de gran complejidad, el uso de eco-cardi\u00f3grafos de alta resoluci\u00f3n, permiten observar el coraz\u00f3n\u00a0\u00a0 arterias y venas, sin uso de radiaci\u00f3n. Al lado del paciente.La Asociaci\u00f3n Instituto del Coraz\u00f3n San Pablo\u00a0 cuenta con equipos sofisticados y profesionales altamente calificados para llevar a cabo los ex\u00e1menes y as\u00ed llevar consuelo y calidad de vida de sus pacientes.<\/p>\n","protected":false},"author":1,"featured_media":0,"parent":0,"menu_order":0,"comment_status":"closed","ping_status":"closed","template":"","meta":{"_et_pb_use_builder":"on","_et_pb_old_content":"","_et_gb_content_width":"","footnotes":""},"class_list":["post-1998","page","type-page","status-publish","hentry"],"yoast_head":"<!-- This site is optimized with the Yoast SEO plugin v26.8 - https:\/\/yoast.com\/product\/yoast-seo-wordpress\/ -->\n<title>Ecocardiograf\u00eda | Instituto del Coraz\u00f3n - San Pablo<\/title>\n<meta name=\"robots\" content=\"index, follow, max-snippet:-1, max-image-preview:large, max-video-preview:-1\" \/>\n<link rel=\"canonical\" href=\"https:\/\/institutodelcorazon.com.pe\/index.php\/ecocardiografia\/\" \/>\n<meta property=\"og:locale\" content=\"es_ES\" \/>\n<meta property=\"og:type\" content=\"article\" \/>\n<meta property=\"og:title\" content=\"Ecocardiograf\u00eda | Instituto del Coraz\u00f3n - San Pablo\" \/>\n<meta property=\"og:description\" content=\"Ecocardiograf\u00edaEn tiempo real vemos lo que est\u00e1 sucediendo. Se realiza estudio morfol\u00f3gico\u00a0 y funcional del coraz\u00f3n,\u00a0 estableci\u00e9ndose r\u00e1pidamente el tama\u00f1o del mismo. Las dimensiones de sus cavidades internas as\u00ed como el funcionamiento de sus v\u00e1lvulas, no solo en t\u00e9rminos de medici\u00f3n, forma\u00a0 y funci\u00f3n sino tambi\u00e9n en cuanto a la cuantificaci\u00f3n del flujo, lo que es realmente muy importante\u00a0 en cardiolog\u00eda con el fin de diagnosticar cualquier enfermedad o anomal\u00eda del \u00f3rgano del coraz\u00f3n.El ecocardiograma consiste en la realizaci\u00f3n de ecograf\u00eda cardiovascular, la cual aporta una gran cantidad de datos desde los m\u00e1s simples hasta los de gran complejidad, el uso de eco-cardi\u00f3grafos de alta resoluci\u00f3n, permiten observar el coraz\u00f3n\u00a0\u00a0 arterias y venas, sin uso de radiaci\u00f3n. Al lado del paciente.La Asociaci\u00f3n Instituto del Coraz\u00f3n San Pablo\u00a0 cuenta con equipos sofisticados y profesionales altamente calificados para llevar a cabo los ex\u00e1menes y as\u00ed llevar consuelo y calidad de vida de sus pacientes.\" \/>\n<meta property=\"og:url\" content=\"https:\/\/institutodelcorazon.com.pe\/index.php\/ecocardiografia\/\" \/>\n<meta property=\"og:site_name\" content=\"Instituto del Coraz\u00f3n - San Pablo\" \/>\n<meta property=\"article:publisher\" content=\"https:\/\/www.facebook.com\/clinicasantamarthadelsur\/\" \/>\n<meta property=\"article:modified_time\" content=\"2024-09-05T22:39:14+00:00\" \/>\n<meta name=\"twitter:card\" content=\"summary_large_image\" \/>\n<meta name=\"twitter:label1\" content=\"Tiempo de lectura\" \/>\n\t<meta name=\"twitter:data1\" content=\"2 minutos\" \/>\n<script type=\"application\/ld+json\" class=\"yoast-schema-graph\">{\"@context\":\"https:\/\/schema.org\",\"@graph\":[{\"@type\":\"WebPage\",\"@id\":\"https:\/\/institutodelcorazon.com.pe\/index.php\/ecocardiografia\/\",\"url\":\"https:\/\/institutodelcorazon.com.pe\/index.php\/ecocardiografia\/\",\"name\":\"Ecocardiograf\u00eda | Instituto del Coraz\u00f3n - San Pablo\",\"isPartOf\":{\"@id\":\"https:\/\/institutodelcorazon.com.pe\/#website\"},\"datePublished\":\"2024-05-09T14:01:51+00:00\",\"dateModified\":\"2024-09-05T22:39:14+00:00\",\"breadcrumb\":{\"@id\":\"https:\/\/institutodelcorazon.com.pe\/index.php\/ecocardiografia\/#breadcrumb\"},\"inLanguage\":\"es\",\"potentialAction\":[{\"@type\":\"ReadAction\",\"target\":[\"https:\/\/institutodelcorazon.com.pe\/index.php\/ecocardiografia\/\"]}]},{\"@type\":\"BreadcrumbList\",\"@id\":\"https:\/\/institutodelcorazon.com.pe\/index.php\/ecocardiografia\/#breadcrumb\",\"itemListElement\":[{\"@type\":\"ListItem\",\"position\":1,\"name\":\"Portada\",\"item\":\"https:\/\/institutodelcorazon.com.pe\/\"},{\"@type\":\"ListItem\",\"position\":2,\"name\":\"Ecocardiograf\u00eda\"}]},{\"@type\":\"WebSite\",\"@id\":\"https:\/\/institutodelcorazon.com.pe\/#website\",\"url\":\"https:\/\/institutodelcorazon.com.pe\/\",\"name\":\"Instituto del Coraz\u00f3n - San Pablo\",\"description\":\"\",\"publisher\":{\"@id\":\"https:\/\/institutodelcorazon.com.pe\/#organization\"},\"potentialAction\":[{\"@type\":\"SearchAction\",\"target\":{\"@type\":\"EntryPoint\",\"urlTemplate\":\"https:\/\/institutodelcorazon.com.pe\/?s={search_term_string}\"},\"query-input\":{\"@type\":\"PropertyValueSpecification\",\"valueRequired\":true,\"valueName\":\"search_term_string\"}}],\"inLanguage\":\"es\"},{\"@type\":\"Organization\",\"@id\":\"https:\/\/institutodelcorazon.com.pe\/#organization\",\"name\":\"Cl\u00ednica Santa Martha del Sur\",\"url\":\"https:\/\/institutodelcorazon.com.pe\/\",\"logo\":{\"@type\":\"ImageObject\",\"inLanguage\":\"es\",\"@id\":\"https:\/\/institutodelcorazon.com.pe\/#\/schema\/logo\/image\/\",\"url\":\"\",\"contentUrl\":\"\",\"caption\":\"Cl\u00ednica Santa Martha del Sur\"},\"image\":{\"@id\":\"https:\/\/institutodelcorazon.com.pe\/#\/schema\/logo\/image\/\"},\"sameAs\":[\"https:\/\/www.facebook.com\/clinicasantamarthadelsur\/\",\"https:\/\/www.instagram.com\/red_sanpablo\/\",\"https:\/\/www.youtube.com\/@red_sanpablo\",\"https:\/\/www.tiktok.com\/@saludsanpablo\"]}]}<\/script>\n<!-- \/ Yoast SEO plugin. -->","yoast_head_json":{"title":"Ecocardiograf\u00eda | Instituto del Coraz\u00f3n - San Pablo","robots":{"index":"index","follow":"follow","max-snippet":"max-snippet:-1","max-image-preview":"max-image-preview:large","max-video-preview":"max-video-preview:-1"},"canonical":"https:\/\/institutodelcorazon.com.pe\/index.php\/ecocardiografia\/","og_locale":"es_ES","og_type":"article","og_title":"Ecocardiograf\u00eda | Instituto del Coraz\u00f3n - San Pablo","og_description":"Ecocardiograf\u00edaEn tiempo real vemos lo que est\u00e1 sucediendo. Se realiza estudio morfol\u00f3gico\u00a0 y funcional del coraz\u00f3n,\u00a0 estableci\u00e9ndose r\u00e1pidamente el tama\u00f1o del mismo. Las dimensiones de sus cavidades internas as\u00ed como el funcionamiento de sus v\u00e1lvulas, no solo en t\u00e9rminos de medici\u00f3n, forma\u00a0 y funci\u00f3n sino tambi\u00e9n en cuanto a la cuantificaci\u00f3n del flujo, lo que es realmente muy importante\u00a0 en cardiolog\u00eda con el fin de diagnosticar cualquier enfermedad o anomal\u00eda del \u00f3rgano del coraz\u00f3n.El ecocardiograma consiste en la realizaci\u00f3n de ecograf\u00eda cardiovascular, la cual aporta una gran cantidad de datos desde los m\u00e1s simples hasta los de gran complejidad, el uso de eco-cardi\u00f3grafos de alta resoluci\u00f3n, permiten observar el coraz\u00f3n\u00a0\u00a0 arterias y venas, sin uso de radiaci\u00f3n. Al lado del paciente.La Asociaci\u00f3n Instituto del Coraz\u00f3n San Pablo\u00a0 cuenta con equipos sofisticados y profesionales altamente calificados para llevar a cabo los ex\u00e1menes y as\u00ed llevar consuelo y calidad de vida de sus pacientes.","og_url":"https:\/\/institutodelcorazon.com.pe\/index.php\/ecocardiografia\/","og_site_name":"Instituto del Coraz\u00f3n - San Pablo","article_publisher":"https:\/\/www.facebook.com\/clinicasantamarthadelsur\/","article_modified_time":"2024-09-05T22:39:14+00:00","twitter_card":"summary_large_image","twitter_misc":{"Tiempo de lectura":"2 minutos"},"schema":{"@context":"https:\/\/schema.org","@graph":[{"@type":"WebPage","@id":"https:\/\/institutodelcorazon.com.pe\/index.php\/ecocardiografia\/","url":"https:\/\/institutodelcorazon.com.pe\/index.php\/ecocardiografia\/","name":"Ecocardiograf\u00eda | Instituto del Coraz\u00f3n - San Pablo","isPartOf":{"@id":"https:\/\/institutodelcorazon.com.pe\/#website"},"datePublished":"2024-05-09T14:01:51+00:00","dateModified":"2024-09-05T22:39:14+00:00","breadcrumb":{"@id":"https:\/\/institutodelcorazon.com.pe\/index.php\/ecocardiografia\/#breadcrumb"},"inLanguage":"es","potentialAction":[{"@type":"ReadAction","target":["https:\/\/institutodelcorazon.com.pe\/index.php\/ecocardiografia\/"]}]},{"@type":"BreadcrumbList","@id":"https:\/\/institutodelcorazon.com.pe\/index.php\/ecocardiografia\/#breadcrumb","itemListElement":[{"@type":"ListItem","position":1,"name":"Portada","item":"https:\/\/institutodelcorazon.com.pe\/"},{"@type":"ListItem","position":2,"name":"Ecocardiograf\u00eda"}]},{"@type":"WebSite","@id":"https:\/\/institutodelcorazon.com.pe\/#website","url":"https:\/\/institutodelcorazon.com.pe\/","name":"Instituto del Coraz\u00f3n - San Pablo","description":"","publisher":{"@id":"https:\/\/institutodelcorazon.com.pe\/#organization"},"potentialAction":[{"@type":"SearchAction","target":{"@type":"EntryPoint","urlTemplate":"https:\/\/institutodelcorazon.com.pe\/?s={search_term_string}"},"query-input":{"@type":"PropertyValueSpecification","valueRequired":true,"valueName":"search_term_string"}}],"inLanguage":"es"},{"@type":"Organization","@id":"https:\/\/institutodelcorazon.com.pe\/#organization","name":"Cl\u00ednica Santa Martha del Sur","url":"https:\/\/institutodelcorazon.com.pe\/","logo":{"@type":"ImageObject","inLanguage":"es","@id":"https:\/\/institutodelcorazon.com.pe\/#\/schema\/logo\/image\/","url":"","contentUrl":"","caption":"Cl\u00ednica Santa Martha del Sur"},"image":{"@id":"https:\/\/institutodelcorazon.com.pe\/#\/schema\/logo\/image\/"},"sameAs":["https:\/\/www.facebook.com\/clinicasantamarthadelsur\/","https:\/\/www.instagram.com\/red_sanpablo\/","https:\/\/www.youtube.com\/@red_sanpablo","https:\/\/www.tiktok.com\/@saludsanpablo"]}]}},"_links":{"self":[{"href":"https:\/\/institutodelcorazon.com.pe\/index.php\/wp-json\/wp\/v2\/pages\/1998","targetHints":{"allow":["GET"]}}],"collection":[{"href":"https:\/\/institutodelcorazon.com.pe\/index.php\/wp-json\/wp\/v2\/pages"}],"about":[{"href":"https:\/\/institutodelcorazon.com.pe\/index.php\/wp-json\/wp\/v2\/types\/page"}],"author":[{"embeddable":true,"href":"https:\/\/institutodelcorazon.com.pe\/index.php\/wp-json\/wp\/v2\/users\/1"}],"replies":[{"embeddable":true,"href":"https:\/\/institutodelcorazon.com.pe\/index.php\/wp-json\/wp\/v2\/comments?post=1998"}],"version-history":[{"count":9,"href":"https:\/\/institutodelcorazon.com.pe\/index.php\/wp-json\/wp\/v2\/pages\/1998\/revisions"}],"predecessor-version":[{"id":3985,"href":"https:\/\/institutodelcorazon.com.pe\/index.php\/wp-json\/wp\/v2\/pages\/1998\/revisions\/3985"}],"wp:attachment":[{"href":"https:\/\/institutodelcorazon.com.pe\/index.php\/wp-json\/wp\/v2\/media?parent=1998"}],"curies":[{"name":"wp","href":"https:\/\/api.w.org\/{rel}","templated":true}]}}