{"id":165,"date":"2024-03-27T21:53:08","date_gmt":"2024-03-27T21:53:08","guid":{"rendered":"https:\/\/institutodelcorazon.com.pe?page_id=165"},"modified":"2024-09-05T17:37:05","modified_gmt":"2024-09-05T22:37:05","slug":"rehabilitacion-cardiovascular","status":"publish","type":"page","link":"https:\/\/institutodelcorazon.com.pe\/index.php\/rehabilitacion-cardiovascular\/","title":{"rendered":"Rehabilitaci\u00f3n Cardiovascular"},"content":{"rendered":"<p>[et_pb_section fb_built=\u00bb1&#8243; _builder_version=\u00bb4.27.0&#8243; _module_preset=\u00bbdefault\u00bb custom_padding=\u00bb13px|||||\u00bb da_disable_devices=\u00bboff|off|off\u00bb global_colors_info=\u00bb{}\u00bb da_is_popup=\u00bboff\u00bb da_exit_intent=\u00bboff\u00bb da_has_close=\u00bbon\u00bb da_alt_close=\u00bboff\u00bb da_dark_close=\u00bboff\u00bb da_not_modal=\u00bbon\u00bb da_is_singular=\u00bboff\u00bb da_with_loader=\u00bboff\u00bb da_has_shadow=\u00bbon\u00bb][et_pb_row _builder_version=\u00bb4.27.0&#8243; _module_preset=\u00bbdefault\u00bb width=\u00bb70%\u00bb width_tablet=\u00bb70%\u00bb width_phone=\u00bb90%\u00bb width_last_edited=\u00bbon|phone\u00bb max_width=\u00bb100%\u00bb global_colors_info=\u00bb{}\u00bb][et_pb_column type=\u00bb4_4&#8243; _builder_version=\u00bb4.27.0&#8243; _module_preset=\u00bbdefault\u00bb global_colors_info=\u00bb{}\u00bb][et_pb_text _builder_version=\u00bb4.27.0&#8243; _module_preset=\u00bbdefault\u00bb header_text_color=\u00bbgcid-primary-color\u00bb hover_enabled=\u00bb0&#8243; global_colors_info=\u00bb{%22gcid-primary-color%22:%91%22header_text_color%22%93}\u00bb sticky_enabled=\u00bb0&#8243; custom_margin=\u00bb||13px|||\u00bb]<\/p>\n<h1>Rehabilitaci\u00f3n Cardiovascular<\/h1>\n<p>[\/et_pb_text][et_pb_text _builder_version=\u00bb4.27.0&#8243; _module_preset=\u00bbdefault\u00bb global_colors_info=\u00bb{}\u00bb custom_margin=\u00bb||20px|||\u00bb]<\/p>\n<p><span>El porcentaje aumenta hasta un 43 por ciento si el programa se cumple en su totalidad y finalmente para que la rehabilitaci\u00f3n card\u00edaca sea completa, debe cubrir los aspectos f\u00edsicos y psicol\u00f3gicos del paciente, lo que le ayudar\u00e1 a reincorporarse a sus actividades laborales, sus relaciones personales y su cumplimiento terap\u00e9utico de manera segura y saludable.La rehabilitaci\u00f3n cardiaca es un programa de medidas multidisciplinarias destinada a devolver al paciente que tiene una enfermedad cardiaca o ha sido intervenido u operado de coraz\u00f3n a su vida normal y obtener una mejor calidad de vida que la tuvo previamente. Se ha constatado que la mortalidad por enfermedad card\u00edaca disminuye entre un 20 y un 30 por ciento si se realiza este Programa de Rehabilitaci\u00f3n.<\/span><\/p>\n<p>[\/et_pb_text][et_pb_text _builder_version=\u00bb4.27.0&#8243; _module_preset=\u00bbdefault\u00bb global_colors_info=\u00bb{}\u00bb custom_margin=\u00bb||19px|||\u00bb]<\/p>\n<p><span>La Rehabilitaci\u00f3n Cardiovascular est\u00e1 dirigida a j\u00f3venes, adultos, adultos mayores y personas con enfermedad coronaria como post infarto al miocardio, post angioplastia, post cirug\u00eda card\u00edaca y como prevenci\u00f3n de factores de riesgo.<\/span><\/p>\n<p>[\/et_pb_text][et_pb_text _builder_version=\u00bb4.27.0&#8243; _module_preset=\u00bbdefault\u00bb hover_enabled=\u00bb0&#8243; global_colors_info=\u00bb{}\u00bb custom_margin=\u00bb||16px|||\u00bb sticky_enabled=\u00bb0&#8243;]<\/p>\n<p><strong>Conocer el servicio de rehablitaci\u00f3n Card\u00edaca en Chacarilla, Medicina F\u00edsica y Rehailitacion:<\/strong><\/p>\n<p>[\/et_pb_text][et_pb_button button_url=\u00bbhttps:\/\/www.chacarilla.com.pe\/especialidades\/rehabilitacion-cardiaca\/\u00bb url_new_window=\u00bbon\u00bb button_text=\u00bbConocer \u00bb _builder_version=\u00bb4.27.0&#8243; _module_preset=\u00bbdefault\u00bb custom_button=\u00bbon\u00bb button_text_size=\u00bb16px\u00bb button_border_radius=\u00bb24px\u00bb button_font=\u00bb|700|||||||\u00bb button_use_icon=\u00bboff\u00bb custom_padding=\u00bb12px|32px|12px|32px|true|true\u00bb global_colors_info=\u00bb{}\u00bb][\/et_pb_button][\/et_pb_column][\/et_pb_row][\/et_pb_section]<\/p>\n","protected":false},"excerpt":{"rendered":"<p>La hidroterapia es la utilizaci\u00f3n del agua como agente terap\u00e9utico, en cualquier forma, estado o temperatura.<\/p>\n","protected":false},"author":1,"featured_media":0,"parent":0,"menu_order":0,"comment_status":"closed","ping_status":"closed","template":"","meta":{"_et_pb_use_builder":"on","_et_pb_old_content":"","_et_gb_content_width":"","footnotes":""},"class_list":["post-165","page","type-page","status-publish","hentry"],"yoast_head":"<!-- This site is optimized with the Yoast SEO plugin v26.8 - https:\/\/yoast.com\/product\/yoast-seo-wordpress\/ -->\n<title>Rehabilitaci\u00f3n Cardiovascular | Instituto del Coraz\u00f3n - San Pablo<\/title>\n<meta name=\"description\" content=\"La hidroterapia es la utilizaci\u00f3n del agua como agente terap\u00e9utico, en cualquier forma, estado o temperatura.\" \/>\n<meta name=\"robots\" content=\"index, follow, max-snippet:-1, max-image-preview:large, max-video-preview:-1\" \/>\n<link rel=\"canonical\" href=\"https:\/\/institutodelcorazon.com.pe\/index.php\/rehabilitacion-cardiovascular\/\" \/>\n<meta property=\"og:locale\" content=\"es_ES\" \/>\n<meta property=\"og:type\" content=\"article\" \/>\n<meta property=\"og:title\" content=\"Rehabilitaci\u00f3n Cardiovascular | Instituto del Coraz\u00f3n - San Pablo\" \/>\n<meta property=\"og:description\" content=\"La hidroterapia es la utilizaci\u00f3n del agua como agente terap\u00e9utico, en cualquier forma, estado o temperatura.\" \/>\n<meta property=\"og:url\" content=\"https:\/\/institutodelcorazon.com.pe\/index.php\/rehabilitacion-cardiovascular\/\" \/>\n<meta property=\"og:site_name\" content=\"Instituto del Coraz\u00f3n - San Pablo\" \/>\n<meta property=\"article:publisher\" content=\"https:\/\/www.facebook.com\/clinicasantamarthadelsur\/\" \/>\n<meta property=\"article:modified_time\" content=\"2024-09-05T22:37:05+00:00\" \/>\n<meta name=\"twitter:card\" content=\"summary_large_image\" \/>\n<meta name=\"twitter:label1\" content=\"Tiempo de lectura\" \/>\n\t<meta name=\"twitter:data1\" content=\"2 minutos\" \/>\n<script type=\"application\/ld+json\" class=\"yoast-schema-graph\">{\"@context\":\"https:\/\/schema.org\",\"@graph\":[{\"@type\":\"WebPage\",\"@id\":\"https:\/\/institutodelcorazon.com.pe\/index.php\/rehabilitacion-cardiovascular\/\",\"url\":\"https:\/\/institutodelcorazon.com.pe\/index.php\/rehabilitacion-cardiovascular\/\",\"name\":\"Rehabilitaci\u00f3n Cardiovascular | Instituto del Coraz\u00f3n - San Pablo\",\"isPartOf\":{\"@id\":\"https:\/\/institutodelcorazon.com.pe\/#website\"},\"datePublished\":\"2024-03-27T21:53:08+00:00\",\"dateModified\":\"2024-09-05T22:37:05+00:00\",\"description\":\"La hidroterapia es la utilizaci\u00f3n del agua como agente terap\u00e9utico, en cualquier forma, estado o temperatura.\",\"breadcrumb\":{\"@id\":\"https:\/\/institutodelcorazon.com.pe\/index.php\/rehabilitacion-cardiovascular\/#breadcrumb\"},\"inLanguage\":\"es\",\"potentialAction\":[{\"@type\":\"ReadAction\",\"target\":[\"https:\/\/institutodelcorazon.com.pe\/index.php\/rehabilitacion-cardiovascular\/\"]}]},{\"@type\":\"BreadcrumbList\",\"@id\":\"https:\/\/institutodelcorazon.com.pe\/index.php\/rehabilitacion-cardiovascular\/#breadcrumb\",\"itemListElement\":[{\"@type\":\"ListItem\",\"position\":1,\"name\":\"Portada\",\"item\":\"https:\/\/institutodelcorazon.com.pe\/\"},{\"@type\":\"ListItem\",\"position\":2,\"name\":\"Rehabilitaci\u00f3n Cardiovascular\"}]},{\"@type\":\"WebSite\",\"@id\":\"https:\/\/institutodelcorazon.com.pe\/#website\",\"url\":\"https:\/\/institutodelcorazon.com.pe\/\",\"name\":\"Instituto del Coraz\u00f3n - San Pablo\",\"description\":\"\",\"publisher\":{\"@id\":\"https:\/\/institutodelcorazon.com.pe\/#organization\"},\"potentialAction\":[{\"@type\":\"SearchAction\",\"target\":{\"@type\":\"EntryPoint\",\"urlTemplate\":\"https:\/\/institutodelcorazon.com.pe\/?s={search_term_string}\"},\"query-input\":{\"@type\":\"PropertyValueSpecification\",\"valueRequired\":true,\"valueName\":\"search_term_string\"}}],\"inLanguage\":\"es\"},{\"@type\":\"Organization\",\"@id\":\"https:\/\/institutodelcorazon.com.pe\/#organization\",\"name\":\"Cl\u00ednica Santa Martha del Sur\",\"url\":\"https:\/\/institutodelcorazon.com.pe\/\",\"logo\":{\"@type\":\"ImageObject\",\"inLanguage\":\"es\",\"@id\":\"https:\/\/institutodelcorazon.com.pe\/#\/schema\/logo\/image\/\",\"url\":\"\",\"contentUrl\":\"\",\"caption\":\"Cl\u00ednica Santa Martha del Sur\"},\"image\":{\"@id\":\"https:\/\/institutodelcorazon.com.pe\/#\/schema\/logo\/image\/\"},\"sameAs\":[\"https:\/\/www.facebook.com\/clinicasantamarthadelsur\/\",\"https:\/\/www.instagram.com\/red_sanpablo\/\",\"https:\/\/www.youtube.com\/@red_sanpablo\",\"https:\/\/www.tiktok.com\/@saludsanpablo\"]}]}<\/script>\n<!-- \/ Yoast SEO plugin. -->","yoast_head_json":{"title":"Rehabilitaci\u00f3n Cardiovascular | Instituto del Coraz\u00f3n - San Pablo","description":"La hidroterapia es la utilizaci\u00f3n del agua como agente terap\u00e9utico, en cualquier forma, estado o temperatura.","robots":{"index":"index","follow":"follow","max-snippet":"max-snippet:-1","max-image-preview":"max-image-preview:large","max-video-preview":"max-video-preview:-1"},"canonical":"https:\/\/institutodelcorazon.com.pe\/index.php\/rehabilitacion-cardiovascular\/","og_locale":"es_ES","og_type":"article","og_title":"Rehabilitaci\u00f3n Cardiovascular | Instituto del Coraz\u00f3n - San Pablo","og_description":"La hidroterapia es la utilizaci\u00f3n del agua como agente terap\u00e9utico, en cualquier forma, estado o temperatura.","og_url":"https:\/\/institutodelcorazon.com.pe\/index.php\/rehabilitacion-cardiovascular\/","og_site_name":"Instituto del Coraz\u00f3n - San Pablo","article_publisher":"https:\/\/www.facebook.com\/clinicasantamarthadelsur\/","article_modified_time":"2024-09-05T22:37:05+00:00","twitter_card":"summary_large_image","twitter_misc":{"Tiempo de lectura":"2 minutos"},"schema":{"@context":"https:\/\/schema.org","@graph":[{"@type":"WebPage","@id":"https:\/\/institutodelcorazon.com.pe\/index.php\/rehabilitacion-cardiovascular\/","url":"https:\/\/institutodelcorazon.com.pe\/index.php\/rehabilitacion-cardiovascular\/","name":"Rehabilitaci\u00f3n Cardiovascular | Instituto del Coraz\u00f3n - San Pablo","isPartOf":{"@id":"https:\/\/institutodelcorazon.com.pe\/#website"},"datePublished":"2024-03-27T21:53:08+00:00","dateModified":"2024-09-05T22:37:05+00:00","description":"La hidroterapia es la utilizaci\u00f3n del agua como agente terap\u00e9utico, en cualquier forma, estado o temperatura.","breadcrumb":{"@id":"https:\/\/institutodelcorazon.com.pe\/index.php\/rehabilitacion-cardiovascular\/#breadcrumb"},"inLanguage":"es","potentialAction":[{"@type":"ReadAction","target":["https:\/\/institutodelcorazon.com.pe\/index.php\/rehabilitacion-cardiovascular\/"]}]},{"@type":"BreadcrumbList","@id":"https:\/\/institutodelcorazon.com.pe\/index.php\/rehabilitacion-cardiovascular\/#breadcrumb","itemListElement":[{"@type":"ListItem","position":1,"name":"Portada","item":"https:\/\/institutodelcorazon.com.pe\/"},{"@type":"ListItem","position":2,"name":"Rehabilitaci\u00f3n Cardiovascular"}]},{"@type":"WebSite","@id":"https:\/\/institutodelcorazon.com.pe\/#website","url":"https:\/\/institutodelcorazon.com.pe\/","name":"Instituto del Coraz\u00f3n - San Pablo","description":"","publisher":{"@id":"https:\/\/institutodelcorazon.com.pe\/#organization"},"potentialAction":[{"@type":"SearchAction","target":{"@type":"EntryPoint","urlTemplate":"https:\/\/institutodelcorazon.com.pe\/?s={search_term_string}"},"query-input":{"@type":"PropertyValueSpecification","valueRequired":true,"valueName":"search_term_string"}}],"inLanguage":"es"},{"@type":"Organization","@id":"https:\/\/institutodelcorazon.com.pe\/#organization","name":"Cl\u00ednica Santa Martha del Sur","url":"https:\/\/institutodelcorazon.com.pe\/","logo":{"@type":"ImageObject","inLanguage":"es","@id":"https:\/\/institutodelcorazon.com.pe\/#\/schema\/logo\/image\/","url":"","contentUrl":"","caption":"Cl\u00ednica Santa Martha del Sur"},"image":{"@id":"https:\/\/institutodelcorazon.com.pe\/#\/schema\/logo\/image\/"},"sameAs":["https:\/\/www.facebook.com\/clinicasantamarthadelsur\/","https:\/\/www.instagram.com\/red_sanpablo\/","https:\/\/www.youtube.com\/@red_sanpablo","https:\/\/www.tiktok.com\/@saludsanpablo"]}]}},"_links":{"self":[{"href":"https:\/\/institutodelcorazon.com.pe\/index.php\/wp-json\/wp\/v2\/pages\/165","targetHints":{"allow":["GET"]}}],"collection":[{"href":"https:\/\/institutodelcorazon.com.pe\/index.php\/wp-json\/wp\/v2\/pages"}],"about":[{"href":"https:\/\/institutodelcorazon.com.pe\/index.php\/wp-json\/wp\/v2\/types\/page"}],"author":[{"embeddable":true,"href":"https:\/\/institutodelcorazon.com.pe\/index.php\/wp-json\/wp\/v2\/users\/1"}],"replies":[{"embeddable":true,"href":"https:\/\/institutodelcorazon.com.pe\/index.php\/wp-json\/wp\/v2\/comments?post=165"}],"version-history":[{"count":34,"href":"https:\/\/institutodelcorazon.com.pe\/index.php\/wp-json\/wp\/v2\/pages\/165\/revisions"}],"predecessor-version":[{"id":3983,"href":"https:\/\/institutodelcorazon.com.pe\/index.php\/wp-json\/wp\/v2\/pages\/165\/revisions\/3983"}],"wp:attachment":[{"href":"https:\/\/institutodelcorazon.com.pe\/index.php\/wp-json\/wp\/v2\/media?parent=165"}],"curies":[{"name":"wp","href":"https:\/\/api.w.org\/{rel}","templated":true}]}}